{"id":14188,"date":"2024-07-22T17:23:23","date_gmt":"2024-07-22T15:23:23","guid":{"rendered":"https:\/\/manuelcaffe.hypefarm-test.it\/sapere-coffee-academy\/"},"modified":"2025-11-13T16:53:09","modified_gmt":"2025-11-13T15:53:09","slug":"sapere-coffee-academy","status":"publish","type":"page","link":"https:\/\/manuelcaffe.hypefarm-test.it\/de\/sapere-coffee-academy\/","title":{"rendered":"Sapere Coffee Academy"},"content":{"rendered":"<div class=\"wpb-content-wrapper\"><p>[vc_row][vc_column]\n\t\t\t\t<p class=\"rs-p-wp-fix\"><\/p>\n\t\t\t\t<sr7-module data-alias=\"sapere-caffe-academy\" data-id=\"8\" id=\"SR7_8_1\" class=\"rs-ov-hidden\" data-version=\"6.7.38\">\n\t\t\t\t\t<sr7-adjuster><\/sr7-adjuster>\n\t\t\t\t\t<sr7-content>\n\t\t\t\t\t\t<sr7-slide id=\"SR7_8_1-33\" data-key=\"33\">\n\t\t\t\t\t\t\t<sr7-bg id=\"SR7_8_1-33-2\" class=\"sr7-layer\"><noscript><img decoding=\"async\" src=\"https:\/\/manuelcaffe.hypefarm-test.it\/wp-content\/uploads\/2024\/07\/Raggruppa-446.jpg\" alt=\"\" title=\"Raggruppa 446\"><\/noscript><\/sr7-bg>\n\t\t\t\t\t\t\t<sr7-txt id=\"SR7_8_1-33-0\" class=\"sr7-layer\"><b>Sapere Coffee <br \/>\nAcademy.<\/b> <br \/>\nViel mehr als eine <br \/>\nCoffee School.<br \/>\n<\/sr7-txt>\n\t\t\t\t\t\t<\/sr7-slide>\n\t\t\t\t\t\t<sr7-slide id=\"SR7_8_1-14\" data-key=\"14\">\n\t\t\t\t\t\t<\/sr7-slide>\n\t\t\t\t\t<\/sr7-content>\n\t\t\t\t\t<image_lists style=\"display:none\">\n\t\t\t\t\t\t<img data-src=\"\/\/manuelcaffe.hypefarm-test.it\/wp-content\/uploads\/2024\/07\/Raggruppa-446.jpg\" data-libid=\"6474\" data-lib=\"medialibrary\" title=\"Raggruppa 446\" width=\"0\" height=\"0\" data-dbsrc=\"Ly9tYW51ZWxjYWZmZS5oeXBlZmFybS10ZXN0Lml0L3dwLWNvbnRlbnQvdXBsb2Fkcy8yMDI0LzA3L1JhZ2dydXBwYS00NDYuanBn\"\/>\n\t\t\t\t\t<\/image_lists>\n\t\t\t\t<\/sr7-module>\n\t\t\t\t<script>\n\t\t\t\t\tSR7.PMH ??={}; SR7.PMH[\"SR7_8_1\"] = {cn:100,state:false,fn: function() { if (_tpt!==undefined && _tpt.prepareModuleHeight !== undefined) {  _tpt.prepareModuleHeight({id:\"SR7_8_1\",el:[900,900,768,960,720],type:'standard',shdw:'0',gh:[900,900,768,960,720],gw:[1240,1240,1024,778,480],vpt:['-100px&#039;,&#039;-100px&#039;,&#039;-100px&#039;,&#039;-100px&#039;,&#039;-100px'],size:{fullWidth:true, fullHeight:false},mh:'0',onh:0,onw:0,bg:{color:'{\"orig\":\"transparent\",\"type\":\"solid\",\"string\":\"transparent\"}'}});   SR7.PMH[\"SR7_8_1\"].state=true;} else if(SR7.PMH[\"SR7_8_1\"].cn-->0)\tsetTimeout( SR7.PMH[\"SR7_8_1\"].fn,19);}};SR7.PMH[\"SR7_8_1\" ].fn();\n\t\t\t\t<\/script>\n[\/vc_column][\/vc_row][vc_row full_width=&#8220;stretch_row_content_no_spaces&#8220; equal_height=&#8220;yes&#8220; content_placement=&#8220;middle&#8220; css=&#8220;.vc_custom_1721658447759{background-image: url(https:\/\/manuelcaffe.hypefarm-test.it\/wp-content\/uploads\/2024\/07\/Senza-titolo-1-1.jpg?id=6564) !important;background-position: center !important;background-repeat: no-repeat !important;background-size: cover !important;}&#8220;][vc_column css_animation=&#8220;fadeInRightBig&#8220; width=&#8220;1\/2&#8243; css=&#8220;.vc_custom_1721653294669{background-position: center !important;background-repeat: no-repeat !important;background-size: cover !important;}&#8220; el_class=&#8220;customcolumn&#8220;][vc_empty_space height=&#8220;50&#8243;][vc_single_image image=&#8220;6566&#8243; img_size=&#8220;full&#8220; css=&#8220;&#8220;][vc_empty_space height=&#8220;50&#8243;]<div id=\"mpc_textblock-7169db97dc2d2e7\" class=\"mpc-textblock mpc-init \"><p><span style=\"font-family: Nexa; font-size: 24px;\">Eine <strong><strong>Akademie f\u00fcr Profis<\/strong><br \/>\n<\/strong>und leidenschaftliche Liebhaber,<br \/>\num die <strong><strong>Welt des Kaffees in all<br \/>\nihren Facetten zu vertiefen<\/strong><\/strong>\u2013<br \/>\nvon der Botanik bis zum Marketing.<\/span><\/p>\n<\/div>[vc_empty_space height=&#8220;100&#8243;][\/vc_column][vc_column css_animation=&#8220;fadeInLeftBig&#8220; width=&#8220;1\/2&#8243;][\/vc_column][\/vc_row][vc_row full_width=&#8220;stretch_row_content&#8220; equal_height=&#8220;yes&#8220; content_placement=&#8220;middle&#8220; css=&#8220;.vc_custom_1719565973402{background-color: #b2917e !important;}&#8220; el_class=&#8220;swap-on-mobile&#8220;][vc_column css_animation=&#8220;fadeInRightBig&#8220; width=&#8220;1\/2&#8243; css=&#8220;.vc_custom_1727856314537{background-image: url(https:\/\/manuelcaffe.hypefarm-test.it\/wp-content\/uploads\/2024\/10\/shutterstock_1975048070_rit.jpg?id=8637) !important;background-position: center !important;background-repeat: no-repeat !important;background-size: cover !important;}&#8220;][vc_empty_space height=&#8220;850&#8243; el_class=&#8220;mobilespace&#8220;][\/vc_column][vc_column css_animation=&#8220;fadeInLeftBig&#8220; width=&#8220;1\/2&#8243; el_class=&#8220;customcolumn&#8220;][vc_empty_space height=&#8220;70&#8243;]<div id=\"mpc_textblock-369db97dc2d3b8\" class=\"mpc-textblock mpc-init \"><p style=\"font-family: Nexa; font-size: 40px;\">Von der <strong>Theorie<\/strong><br \/>\nzur <strong>Praxis<\/strong><\/p>\n<\/div>[vc_empty_space height=&#8220;40&#8243;]<div id=\"mpc_textblock-6069db97dc2d435\" class=\"mpc-textblock mpc-init \"><p style=\"font-family: Nexa; font-size: 20px;\">Ein umfassendes Bildungsprogramm \u00fcber die <strong>Welt des Kaffees <\/strong>mit dem Ziel, zu informieren und auszubilden. Die Sapere Coffee Academy ist ein Ort, an dem die <strong>Kaffeekultur<\/strong> im Mittelpunkt steht und durch theoretische Kurse und praktische \u00dcbungen in <strong>einer einladenden und faszinierenden Umgebung erlebbar wird.<\/strong><\/p>\n<\/div>[vc_empty_space height=&#8220;110px&#8220;][\/vc_column][\/vc_row][vc_row full_width=&#8220;stretch_row_content&#8220; equal_height=&#8220;yes&#8220; content_placement=&#8220;middle&#8220; css=&#8220;.vc_custom_1728120409279{background-color: #b2917e !important;}&#8220;][vc_column css_animation=&#8220;fadeInLeftBig&#8220; width=&#8220;1\/2&#8243; el_class=&#8220;customcolumn&#8220;][vc_empty_space height=&#8220;70&#8243;]<div id=\"mpc_textblock-9769db97dc2d4ae\" class=\"mpc-textblock mpc-init \"><p style=\"font-family: Nexa; font-size: 40px;\">Ein <strong>Ort<\/strong> der dem<br \/>\n<strong>Wissen <\/strong>gewidmet ist.<\/p>\n<\/div>[vc_empty_space height=&#8220;40&#8243;]<div id=\"mpc_textblock-6169db97dc2d51a\" class=\"mpc-textblock mpc-init \"><p style=\"font-family: Nexa; font-size: 20px;\">Die <strong>Sapere Coffee Academy<\/strong> befindet sich im Zentrum von <strong>Conegliano<\/strong>, in einem wundersch\u00f6nen historischen Geb\u00e4ude, das auch die <strong>Schulungsr\u00e4ume<\/strong> sowie unser Caf\u00e9 <strong>Coffee Living<\/strong> beherbergt.<\/p>\n<\/div>[vc_empty_space height=&#8220;110px&#8220;][\/vc_column][vc_column css_animation=&#8220;fadeInRightBig&#8220; width=&#8220;1\/2&#8243; css=&#8220;.vc_custom_1727856405060{background-image: url(https:\/\/manuelcaffe.hypefarm-test.it\/wp-content\/uploads\/2024\/10\/IMG_2369-scaled.jpg?id=8639) !important;background-position: center !important;background-repeat: no-repeat !important;background-size: cover !important;}&#8220;][vc_empty_space height=&#8220;850&#8243; el_class=&#8220;mobilespace&#8220;][\/vc_column][\/vc_row][vc_row full_width=&#8220;stretch_row_content_no_spaces&#8220; equal_height=&#8220;yes&#8220; content_placement=&#8220;middle&#8220; css=&#8220;.vc_custom_1727856508152{margin-top: 100px !important;background-image: url(https:\/\/manuelcaffe.hypefarm-test.it\/wp-content\/uploads\/2024\/08\/Sapere-coffee-academy-manuel-caffe.jpg?id=6856) !important;background-position: center !important;background-repeat: no-repeat !important;background-size: cover !important;}&#8220;][vc_column css_animation=&#8220;fadeInRightBig&#8220; width=&#8220;1\/2&#8243; css=&#8220;.vc_custom_1721645435042{background-position: center !important;background-repeat: no-repeat !important;background-size: cover !important;}&#8220; el_class=&#8220;customcolumn&#8220;]<div id=\"mpc_textblock-7069db97dc2d588\" class=\"mpc-textblock mpc-init \"><p><span style=\"font-family: Nexa; font-size: 36px;\"><strong>Kaffeekultur<\/strong> f\u00fcr alle<br \/>\nund ihre Facetten.<\/span><\/p>\n<\/div>[vc_empty_space height=&#8220;350&#8243;][\/vc_column][vc_column css_animation=&#8220;fadeInLeftBig&#8220; width=&#8220;1\/2&#8243; el_class=&#8220;nomobile&#8220;][vc_empty_space height=&#8220;350px&#8220;][\/vc_column][\/vc_row]<\/p>\n<\/div>","protected":false},"excerpt":{"rendered":"<p>[vc_row][vc_column][\/vc_column][\/vc_row][vc_row full_width=&#8220;stretch_row_content_no_spaces&#8220; equal_height=&#8220;yes&#8220; content_placement=&#8220;middle&#8220; css=&#8220;.vc_custom_1721658447759{background-image: url(https:\/\/manuelcaffe.hypefarm-test.it\/wp-content\/uploads\/2024\/07\/Senza-titolo-1-1.jpg?id=6564) !important;background-position: center !important;background-repeat: no-repeat !important;background-size: cover !important;}&#8220;][vc_column css_animation=&#8220;fadeInRightBig&#8220; width=&#8220;1\/2&#8243; css=&#8220;.vc_custom_1721653294669{background-position: center !important;background-repeat: no-repeat !important;background-size: cover !important;}&#8220; el_class=&#8220;customcolumn&#8220;][vc_empty_space height=&#8220;50&#8243;][vc_single_image image=&#8220;6566&#8243; img_size=&#8220;full&#8220; css=&#8220;&#8220;][vc_empty_space height=&#8220;50&#8243;][vc_empty_space height=&#8220;100&#8243;][\/vc_column][vc_column css_animation=&#8220;fadeInLeftBig&#8220; width=&#8220;1\/2&#8243;][\/vc_column][\/vc_row][vc_row full_width=&#8220;stretch_row_content&#8220; equal_height=&#8220;yes&#8220; content_placement=&#8220;middle&#8220; css=&#8220;.vc_custom_1719565973402{background-color: #b2917e !important;}&#8220; el_class=&#8220;swap-on-mobile&#8220;][vc_column css_animation=&#8220;fadeInRightBig&#8220; width=&#8220;1\/2&#8243; css=&#8220;.vc_custom_1727856314537{background-image: url(https:\/\/manuelcaffe.hypefarm-test.it\/wp-content\/uploads\/2024\/10\/shutterstock_1975048070_rit.jpg?id=8637) !important;background-position: center !important;background-repeat: no-repeat !important;background-size: cover !important;}&#8220;][vc_empty_space height=&#8220;850&#8243; el_class=&#8220;mobilespace&#8220;][\/vc_column][vc_column css_animation=&#8220;fadeInLeftBig&#8220; width=&#8220;1\/2&#8243; el_class=&#8220;customcolumn&#8220;][vc_empty_space height=&#8220;70&#8243;][vc_empty_space<\/p>\n","protected":false},"author":1,"featured_media":0,"parent":0,"menu_order":0,"comment_status":"closed","ping_status":"closed","template":"","meta":{"_acf_changed":false,"cybocfi_hide_featured_image":"","footnotes":""},"categories":[],"tags":[],"class_list":["post-14188","page","type-page","status-publish","hentry","description-off"],"acf":[],"yoast_head":"<!-- This site is optimized with the Yoast SEO plugin v26.0 - https:\/\/yoast.com\/wordpress\/plugins\/seo\/ -->\n<title>Sapere Coffee Academy - Manuel Caff\u00e8<\/title>\n<meta name=\"robots\" content=\"index, follow, max-snippet:-1, max-image-preview:large, max-video-preview:-1\" \/>\n<link rel=\"canonical\" href=\"https:\/\/manuelcaffe.hypefarm-test.it\/de\/sapere-coffee-academy\/\" \/>\n<meta property=\"og:locale\" content=\"de_DE\" \/>\n<meta property=\"og:type\" content=\"article\" \/>\n<meta property=\"og:title\" content=\"Sapere Coffee Academy - Manuel Caff\u00e8\" \/>\n<meta property=\"og:description\" content=\"[vc_row][vc_column][\/vc_column][\/vc_row][vc_row full_width=&#8220;stretch_row_content_no_spaces&#8220; equal_height=&#8220;yes&#8220; content_placement=&#8220;middle&#8220; css=&#8220;.vc_custom_1721658447759{background-image: url(https:\/\/manuelcaffe.hypefarm-test.it\/wp-content\/uploads\/2024\/07\/Senza-titolo-1-1.jpg?id=6564) !important;background-position: center !important;background-repeat: no-repeat !important;background-size: cover !important;}&#8220;][vc_column css_animation=&#8220;fadeInRightBig&#8220; width=&#8220;1\/2&#8243; css=&#8220;.vc_custom_1721653294669{background-position: center !important;background-repeat: no-repeat !important;background-size: cover !important;}&#8220; el_class=&#8220;customcolumn&#8220;][vc_empty_space height=&#8220;50&#8243;][vc_single_image image=&#8220;6566&#8243; img_size=&#8220;full&#8220; css=&#8220;&#8220;][vc_empty_space height=&#8220;50&#8243;][vc_empty_space height=&#8220;100&#8243;][\/vc_column][vc_column css_animation=&#8220;fadeInLeftBig&#8220; width=&#8220;1\/2&#8243;][\/vc_column][\/vc_row][vc_row full_width=&#8220;stretch_row_content&#8220; equal_height=&#8220;yes&#8220; content_placement=&#8220;middle&#8220; css=&#8220;.vc_custom_1719565973402{background-color: #b2917e !important;}&#8220; el_class=&#8220;swap-on-mobile&#8220;][vc_column css_animation=&#8220;fadeInRightBig&#8220; width=&#8220;1\/2&#8243; css=&#8220;.vc_custom_1727856314537{background-image: url(https:\/\/manuelcaffe.hypefarm-test.it\/wp-content\/uploads\/2024\/10\/shutterstock_1975048070_rit.jpg?id=8637) !important;background-position: center !important;background-repeat: no-repeat !important;background-size: cover !important;}&#8220;][vc_empty_space height=&#8220;850&#8243; el_class=&#8220;mobilespace&#8220;][\/vc_column][vc_column css_animation=&#8220;fadeInLeftBig&#8220; width=&#8220;1\/2&#8243; el_class=&#8220;customcolumn&#8220;][vc_empty_space height=&#8220;70&#8243;][vc_empty_space\" \/>\n<meta property=\"og:url\" content=\"https:\/\/manuelcaffe.hypefarm-test.it\/de\/sapere-coffee-academy\/\" \/>\n<meta property=\"og:site_name\" content=\"Manuel Caff\u00e8\" \/>\n<meta property=\"article:publisher\" content=\"https:\/\/www.facebook.com\/ManuelCaffeItalia\" \/>\n<meta property=\"article:modified_time\" content=\"2025-11-13T15:53:09+00:00\" \/>\n<meta name=\"twitter:card\" content=\"summary_large_image\" \/>\n<meta name=\"twitter:label1\" content=\"Gesch\u00e4tzte Lesezeit\" \/>\n\t<meta name=\"twitter:data1\" content=\"2\u00a0Minuten\" \/>\n<script type=\"application\/ld+json\" class=\"yoast-schema-graph\">{\"@context\":\"https:\/\/schema.org\",\"@graph\":[{\"@type\":\"WebPage\",\"@id\":\"https:\/\/manuelcaffe.hypefarm-test.it\/de\/sapere-coffee-academy\/\",\"url\":\"https:\/\/manuelcaffe.hypefarm-test.it\/de\/sapere-coffee-academy\/\",\"name\":\"Sapere Coffee Academy - Manuel Caff\u00e8\",\"isPartOf\":{\"@id\":\"https:\/\/manuelcaffe.hypefarm-test.it\/de\/#website\"},\"datePublished\":\"2024-07-22T15:23:23+00:00\",\"dateModified\":\"2025-11-13T15:53:09+00:00\",\"breadcrumb\":{\"@id\":\"https:\/\/manuelcaffe.hypefarm-test.it\/de\/sapere-coffee-academy\/#breadcrumb\"},\"inLanguage\":\"de\",\"potentialAction\":[{\"@type\":\"ReadAction\",\"target\":[\"https:\/\/manuelcaffe.hypefarm-test.it\/de\/sapere-coffee-academy\/\"]}]},{\"@type\":\"BreadcrumbList\",\"@id\":\"https:\/\/manuelcaffe.hypefarm-test.it\/de\/sapere-coffee-academy\/#breadcrumb\",\"itemListElement\":[{\"@type\":\"ListItem\",\"position\":1,\"name\":\"Home\",\"item\":\"https:\/\/manuelcaffe.hypefarm-test.it\/de\/\"},{\"@type\":\"ListItem\",\"position\":2,\"name\":\"Sapere Coffee Academy\"}]},{\"@type\":\"WebSite\",\"@id\":\"https:\/\/manuelcaffe.hypefarm-test.it\/de\/#website\",\"url\":\"https:\/\/manuelcaffe.hypefarm-test.it\/de\/\",\"name\":\"Manuel Caff\u00e8\",\"description\":\"\",\"publisher\":{\"@id\":\"https:\/\/manuelcaffe.hypefarm-test.it\/de\/#organization\"},\"potentialAction\":[{\"@type\":\"SearchAction\",\"target\":{\"@type\":\"EntryPoint\",\"urlTemplate\":\"https:\/\/manuelcaffe.hypefarm-test.it\/de\/?s={search_term_string}\"},\"query-input\":{\"@type\":\"PropertyValueSpecification\",\"valueRequired\":true,\"valueName\":\"search_term_string\"}}],\"inLanguage\":\"de\"},{\"@type\":\"Organization\",\"@id\":\"https:\/\/manuelcaffe.hypefarm-test.it\/de\/#organization\",\"name\":\"D.M.C s.r.l\",\"url\":\"https:\/\/manuelcaffe.hypefarm-test.it\/de\/\",\"logo\":{\"@type\":\"ImageObject\",\"inLanguage\":\"de\",\"@id\":\"https:\/\/manuelcaffe.hypefarm-test.it\/de\/#\/schema\/logo\/image\/\",\"url\":\"https:\/\/manuelcaffe.hypefarm-test.it\/wp-content\/uploads\/2024\/12\/favicon-152.png\",\"contentUrl\":\"https:\/\/manuelcaffe.hypefarm-test.it\/wp-content\/uploads\/2024\/12\/favicon-152.png\",\"width\":152,\"height\":152,\"caption\":\"D.M.C s.r.l\"},\"image\":{\"@id\":\"https:\/\/manuelcaffe.hypefarm-test.it\/de\/#\/schema\/logo\/image\/\"},\"sameAs\":[\"https:\/\/www.facebook.com\/ManuelCaffeItalia\",\"https:\/\/www.instagram.com\/manuel_caffe_italia\/\",\"https:\/\/www.youtube.com\/user\/Manuelcaffe\"]}]}<\/script>\n<!-- \/ Yoast SEO plugin. -->","yoast_head_json":{"title":"Sapere Coffee Academy - Manuel Caff\u00e8","robots":{"index":"index","follow":"follow","max-snippet":"max-snippet:-1","max-image-preview":"max-image-preview:large","max-video-preview":"max-video-preview:-1"},"canonical":"https:\/\/manuelcaffe.hypefarm-test.it\/de\/sapere-coffee-academy\/","og_locale":"de_DE","og_type":"article","og_title":"Sapere Coffee Academy - Manuel Caff\u00e8","og_description":"[vc_row][vc_column][\/vc_column][\/vc_row][vc_row full_width=&#8220;stretch_row_content_no_spaces&#8220; equal_height=&#8220;yes&#8220; content_placement=&#8220;middle&#8220; css=&#8220;.vc_custom_1721658447759{background-image: url(https:\/\/manuelcaffe.hypefarm-test.it\/wp-content\/uploads\/2024\/07\/Senza-titolo-1-1.jpg?id=6564) !important;background-position: center !important;background-repeat: no-repeat !important;background-size: cover !important;}&#8220;][vc_column css_animation=&#8220;fadeInRightBig&#8220; width=&#8220;1\/2&#8243; css=&#8220;.vc_custom_1721653294669{background-position: center !important;background-repeat: no-repeat !important;background-size: cover !important;}&#8220; el_class=&#8220;customcolumn&#8220;][vc_empty_space height=&#8220;50&#8243;][vc_single_image image=&#8220;6566&#8243; img_size=&#8220;full&#8220; css=&#8220;&#8220;][vc_empty_space height=&#8220;50&#8243;][vc_empty_space height=&#8220;100&#8243;][\/vc_column][vc_column css_animation=&#8220;fadeInLeftBig&#8220; width=&#8220;1\/2&#8243;][\/vc_column][\/vc_row][vc_row full_width=&#8220;stretch_row_content&#8220; equal_height=&#8220;yes&#8220; content_placement=&#8220;middle&#8220; css=&#8220;.vc_custom_1719565973402{background-color: #b2917e !important;}&#8220; el_class=&#8220;swap-on-mobile&#8220;][vc_column css_animation=&#8220;fadeInRightBig&#8220; width=&#8220;1\/2&#8243; css=&#8220;.vc_custom_1727856314537{background-image: url(https:\/\/manuelcaffe.hypefarm-test.it\/wp-content\/uploads\/2024\/10\/shutterstock_1975048070_rit.jpg?id=8637) !important;background-position: center !important;background-repeat: no-repeat !important;background-size: cover !important;}&#8220;][vc_empty_space height=&#8220;850&#8243; el_class=&#8220;mobilespace&#8220;][\/vc_column][vc_column css_animation=&#8220;fadeInLeftBig&#8220; width=&#8220;1\/2&#8243; el_class=&#8220;customcolumn&#8220;][vc_empty_space height=&#8220;70&#8243;][vc_empty_space","og_url":"https:\/\/manuelcaffe.hypefarm-test.it\/de\/sapere-coffee-academy\/","og_site_name":"Manuel Caff\u00e8","article_publisher":"https:\/\/www.facebook.com\/ManuelCaffeItalia","article_modified_time":"2025-11-13T15:53:09+00:00","twitter_card":"summary_large_image","twitter_misc":{"Gesch\u00e4tzte Lesezeit":"2\u00a0Minuten"},"schema":{"@context":"https:\/\/schema.org","@graph":[{"@type":"WebPage","@id":"https:\/\/manuelcaffe.hypefarm-test.it\/de\/sapere-coffee-academy\/","url":"https:\/\/manuelcaffe.hypefarm-test.it\/de\/sapere-coffee-academy\/","name":"Sapere Coffee Academy - Manuel Caff\u00e8","isPartOf":{"@id":"https:\/\/manuelcaffe.hypefarm-test.it\/de\/#website"},"datePublished":"2024-07-22T15:23:23+00:00","dateModified":"2025-11-13T15:53:09+00:00","breadcrumb":{"@id":"https:\/\/manuelcaffe.hypefarm-test.it\/de\/sapere-coffee-academy\/#breadcrumb"},"inLanguage":"de","potentialAction":[{"@type":"ReadAction","target":["https:\/\/manuelcaffe.hypefarm-test.it\/de\/sapere-coffee-academy\/"]}]},{"@type":"BreadcrumbList","@id":"https:\/\/manuelcaffe.hypefarm-test.it\/de\/sapere-coffee-academy\/#breadcrumb","itemListElement":[{"@type":"ListItem","position":1,"name":"Home","item":"https:\/\/manuelcaffe.hypefarm-test.it\/de\/"},{"@type":"ListItem","position":2,"name":"Sapere Coffee Academy"}]},{"@type":"WebSite","@id":"https:\/\/manuelcaffe.hypefarm-test.it\/de\/#website","url":"https:\/\/manuelcaffe.hypefarm-test.it\/de\/","name":"Manuel Caff\u00e8","description":"","publisher":{"@id":"https:\/\/manuelcaffe.hypefarm-test.it\/de\/#organization"},"potentialAction":[{"@type":"SearchAction","target":{"@type":"EntryPoint","urlTemplate":"https:\/\/manuelcaffe.hypefarm-test.it\/de\/?s={search_term_string}"},"query-input":{"@type":"PropertyValueSpecification","valueRequired":true,"valueName":"search_term_string"}}],"inLanguage":"de"},{"@type":"Organization","@id":"https:\/\/manuelcaffe.hypefarm-test.it\/de\/#organization","name":"D.M.C s.r.l","url":"https:\/\/manuelcaffe.hypefarm-test.it\/de\/","logo":{"@type":"ImageObject","inLanguage":"de","@id":"https:\/\/manuelcaffe.hypefarm-test.it\/de\/#\/schema\/logo\/image\/","url":"https:\/\/manuelcaffe.hypefarm-test.it\/wp-content\/uploads\/2024\/12\/favicon-152.png","contentUrl":"https:\/\/manuelcaffe.hypefarm-test.it\/wp-content\/uploads\/2024\/12\/favicon-152.png","width":152,"height":152,"caption":"D.M.C s.r.l"},"image":{"@id":"https:\/\/manuelcaffe.hypefarm-test.it\/de\/#\/schema\/logo\/image\/"},"sameAs":["https:\/\/www.facebook.com\/ManuelCaffeItalia","https:\/\/www.instagram.com\/manuel_caffe_italia\/","https:\/\/www.youtube.com\/user\/Manuelcaffe"]}]}},"_links":{"self":[{"href":"https:\/\/manuelcaffe.hypefarm-test.it\/de\/wp-json\/wp\/v2\/pages\/14188","targetHints":{"allow":["GET"]}}],"collection":[{"href":"https:\/\/manuelcaffe.hypefarm-test.it\/de\/wp-json\/wp\/v2\/pages"}],"about":[{"href":"https:\/\/manuelcaffe.hypefarm-test.it\/de\/wp-json\/wp\/v2\/types\/page"}],"author":[{"embeddable":true,"href":"https:\/\/manuelcaffe.hypefarm-test.it\/de\/wp-json\/wp\/v2\/users\/1"}],"replies":[{"embeddable":true,"href":"https:\/\/manuelcaffe.hypefarm-test.it\/de\/wp-json\/wp\/v2\/comments?post=14188"}],"version-history":[{"count":5,"href":"https:\/\/manuelcaffe.hypefarm-test.it\/de\/wp-json\/wp\/v2\/pages\/14188\/revisions"}],"predecessor-version":[{"id":14469,"href":"https:\/\/manuelcaffe.hypefarm-test.it\/de\/wp-json\/wp\/v2\/pages\/14188\/revisions\/14469"}],"wp:attachment":[{"href":"https:\/\/manuelcaffe.hypefarm-test.it\/de\/wp-json\/wp\/v2\/media?parent=14188"}],"wp:term":[{"taxonomy":"category","embeddable":true,"href":"https:\/\/manuelcaffe.hypefarm-test.it\/de\/wp-json\/wp\/v2\/categories?post=14188"},{"taxonomy":"post_tag","embeddable":true,"href":"https:\/\/manuelcaffe.hypefarm-test.it\/de\/wp-json\/wp\/v2\/tags?post=14188"}],"curies":[{"name":"wp","href":"https:\/\/api.w.org\/{rel}","templated":true}]}}