{"id":14243,"date":"2024-07-22T11:51:31","date_gmt":"2024-07-22T09:51:31","guid":{"rendered":"https:\/\/manuelcaffe.hypefarm-test.it\/filosofia\/"},"modified":"2025-11-13T17:33:14","modified_gmt":"2025-11-13T16:33:14","slug":"philosophie","status":"publish","type":"page","link":"https:\/\/manuelcaffe.hypefarm-test.it\/de\/philosophie\/","title":{"rendered":"Philosophie"},"content":{"rendered":"<div class=\"wpb-content-wrapper\"><p>[vc_row][vc_column]\n\t\t\t\t<p class=\"rs-p-wp-fix\"><\/p>\n\t\t\t\t<sr7-module data-alias=\"filosofia\" data-id=\"4\" id=\"SR7_4_1\" class=\"rs-ov-hidden\" data-version=\"6.7.38\">\n\t\t\t\t\t<sr7-adjuster><\/sr7-adjuster>\n\t\t\t\t\t<sr7-content>\n\t\t\t\t\t\t<sr7-slide id=\"SR7_4_1-36\" data-key=\"36\">\n\t\t\t\t\t\t\t<sr7-bg id=\"SR7_4_1-36-1\" class=\"sr7-layer\"><noscript><img decoding=\"async\" src=\"https:\/\/manuelcaffe.hypefarm-test.it\/wp-content\/uploads\/2024\/09\/Raggruppa-564.jpg\" alt=\"\" title=\"Raggruppa 564\"><\/noscript><\/sr7-bg>\n\t\t\t\t\t\t\t<sr7-txt id=\"SR7_4_1-36-0\" class=\"sr7-layer\"><b>Viele gute Gr\u00fcnde, <\/b><br \/>\nuns zu w\u00e4hlen.<br \/>\n<\/sr7-txt>\n\t\t\t\t\t\t<\/sr7-slide>\n\t\t\t\t\t\t<sr7-slide id=\"SR7_4_1-6\" data-key=\"6\">\n\t\t\t\t\t\t<\/sr7-slide>\n\t\t\t\t\t<\/sr7-content>\n\t\t\t\t\t<image_lists style=\"display:none\">\n\t\t\t\t\t\t<img data-src=\"\/\/manuelcaffe.hypefarm-test.it\/wp-content\/uploads\/2024\/09\/Raggruppa-564.jpg\" data-libid=\"7711\" data-lib=\"medialibrary\" title=\"Raggruppa 564\" width=\"0\" height=\"0\" data-dbsrc=\"Ly9tYW51ZWxjYWZmZS5oeXBlZmFybS10ZXN0Lml0L3dwLWNvbnRlbnQvdXBsb2Fkcy8yMDI0LzA5L1JhZ2dydXBwYS01NjQuanBn\"\/>\n\t\t\t\t\t<\/image_lists>\n\t\t\t\t<\/sr7-module>\n\t\t\t\t<script>\n\t\t\t\t\tSR7.PMH ??={}; SR7.PMH[\"SR7_4_1\"] = {cn:100,state:false,fn: function() { if (_tpt!==undefined && _tpt.prepareModuleHeight !== undefined) {  _tpt.prepareModuleHeight({id:\"SR7_4_1\",el:[900,900,768,960,720],type:'standard',shdw:'0',gh:[900,900,768,960,720],gw:[1240,1240,1024,778,480],vpt:['-100px&#039;,&#039;-100px&#039;,&#039;-100px&#039;,&#039;-100px&#039;,&#039;-100px'],size:{fullWidth:true, fullHeight:false},mh:'0',onh:0,onw:0,bg:{color:'{\"orig\":\"transparent\",\"type\":\"solid\",\"string\":\"transparent\"}'}});   SR7.PMH[\"SR7_4_1\"].state=true;} else if(SR7.PMH[\"SR7_4_1\"].cn-->0)\tsetTimeout( SR7.PMH[\"SR7_4_1\"].fn,19);}};SR7.PMH[\"SR7_4_1\" ].fn();\n\t\t\t\t<\/script>\n[\/vc_column][\/vc_row][vc_row css=&#8220;.vc_custom_1721638722050{padding-top: 180px !important;padding-bottom: 180px !important;}&#8220;][vc_column]<div id=\"mpc_textblock-2169db93552a439\" class=\"mpc-textblock mpc-init \"><p><span style=\"font-size: 24px;\"><strong>Unsere Kaffees<\/strong> er\u00f6ffnen eine faszinierende Welt \u2013 voller Genuss, Leidenschaft und \u00fcberraschender Momente. Jedes unserer Produkte und Dienstleistungen entsteht aus einem tiefen Verst\u00e4ndnis f\u00fcr die Bed\u00fcrfnisse und <strong>W\u00fcnsche<\/strong> unserer <strong>Kunden<\/strong>.<\/span><\/p>\n<\/div>[\/vc_column][\/vc_row][vc_row full_width=&#8220;stretch_row_content_no_spaces&#8220; equal_height=&#8220;yes&#8220; content_placement=&#8220;middle&#8220; el_class=&#8220;swap-on-mobile&#8220; css=&#8220;.vc_custom_1724164448101{padding-top: 200px !important;padding-bottom: 200px !important;background-image: url(https:\/\/manuelcaffe.hypefarm-test.it\/wp-content\/uploads\/2024\/08\/filosofia-ambiente.manuel-caffe.jpg?id=6816) !important;background-position: center !important;background-repeat: no-repeat !important;background-size: cover !important;}&#8220;][vc_column css_animation=&#8220;fadeInRightBig&#8220; width=&#8220;1\/2&#8243; css=&#8220;.vc_custom_1721638450609{background-position: center !important;background-repeat: no-repeat !important;background-size: cover !important;}&#8220; el_class=&#8220;customcolumn&#8220;][\/vc_column][vc_column css_animation=&#8220;fadeInLeftBig&#8220; width=&#8220;1\/2&#8243; el_class=&#8220;customcolumn&#8220;]<div id=\"mpc_textblock-10069db93552a563\" class=\"mpc-textblock mpc-init \"><p style=\"font-family: Nexa; font-size: 40px;\"><strong>Respekt.<\/strong><\/p>\n<p style=\"font-family: Nexa; font-size: 22px; margin-top: 15px;\">Gegen\u00fcber der Natur, den Menschen<br \/>\nund allen Partnern entlang der gesamten Wertsch\u00f6pfungskette. Wir setzen auf<br \/>\n<strong>Teamarbeit<\/strong> \u2013 in all ihren Facetten.<\/p>\n<\/div>[\/vc_column][\/vc_row][vc_row full_width=&#8220;stretch_row_content_no_spaces&#8220; equal_height=&#8220;yes&#8220; content_placement=&#8220;middle&#8220; el_class=&#8220;swap-on-mobile&#8220; css=&#8220;.vc_custom_1721642215428{padding-top: 200px !important;padding-bottom: 200px !important;background-image: url(https:\/\/manuelcaffe.hypefarm-test.it\/wp-content\/uploads\/2024\/07\/Raggruppa-512.jpg?id=6509) !important;background-position: center !important;background-repeat: no-repeat !important;background-size: cover !important;}&#8220;][vc_column css_animation=&#8220;fadeInRightBig&#8220; width=&#8220;1\/2&#8243; css=&#8220;.vc_custom_1721638450609{background-position: center !important;background-repeat: no-repeat !important;background-size: cover !important;}&#8220; el_class=&#8220;customcolumn&#8220;]<div id=\"mpc_textblock-4469db93552a643\" class=\"mpc-textblock mpc-init \"><p style=\"font-family: Nexa; font-size: 40px;\"><strong>Zuverl\u00e4ssigkeit.<\/strong><\/p>\n<p style=\"font-family: Nexa; font-size: 22px; margin-top: 15px;\">Wir bieten ein <strong>breites Sortiment<\/strong><br \/>\nvielseitiger Produkte, <strong>konstante<\/strong><br \/>\n<strong>Qualit\u00e4t,<\/strong> Seriosit\u00e4t und Sorgfalt \u2013<br \/>\nimmer und zuverl\u00e4ssig.<\/p>\n<\/div>[\/vc_column][vc_column css_animation=&#8220;fadeInLeftBig&#8220; width=&#8220;1\/2&#8243; el_class=&#8220;customcolumn&#8220;][\/vc_column][\/vc_row][vc_row full_width=&#8220;stretch_row_content_no_spaces&#8220; equal_height=&#8220;yes&#8220; content_placement=&#8220;middle&#8220; el_class=&#8220;swap-on-mobile dinamismo&#8220; css=&#8220;.vc_custom_1728117371935{padding-top: 200px !important;padding-bottom: 200px !important;}&#8220;][vc_column css_animation=&#8220;fadeInRightBig&#8220; width=&#8220;1\/2&#8243; css=&#8220;.vc_custom_1721638450609{background-position: center !important;background-repeat: no-repeat !important;background-size: cover !important;}&#8220; el_class=&#8220;customcolumn&#8220;][\/vc_column][vc_column css_animation=&#8220;fadeInLeftBig&#8220; width=&#8220;1\/2&#8243; el_class=&#8220;customcolumn&#8220;]<div id=\"mpc_textblock-4169db93552a71f\" class=\"mpc-textblock mpc-init \"><p style=\"font-family: Nexa; font-size: 40px;\"><strong>Dynamik.<\/strong><\/p>\n<p style=\"font-family: Nexa; font-size: 22px; margin-top: 15px;\">Wir spr\u00fchen vor <strong>Ideen<\/strong>, sind<br \/>\noffen f\u00fcr <strong>Austausch<\/strong> und hinterfragen<br \/>\nuns t\u00e4glich, um die neuesten<br \/>\n<strong>Markttrends<\/strong> aufzugreifen.<\/p>\n<\/div>[\/vc_column][\/vc_row][vc_row full_width=&#8220;stretch_row_content_no_spaces&#8220; equal_height=&#8220;yes&#8220; content_placement=&#8220;middle&#8220; el_class=&#8220;swap-on-mobile&#8220; css=&#8220;.vc_custom_1728395838439{padding-top: 200px !important;padding-bottom: 200px !important;background-image: url(https:\/\/manuelcaffe.hypefarm-test.it\/wp-content\/uploads\/2024\/10\/servizi.jpg?id=8883) !important;background-position: center !important;background-repeat: no-repeat !important;background-size: cover !important;}&#8220;][vc_column css_animation=&#8220;fadeInRightBig&#8220; width=&#8220;1\/2&#8243; css=&#8220;.vc_custom_1721638450609{background-position: center !important;background-repeat: no-repeat !important;background-size: cover !important;}&#8220; el_class=&#8220;customcolumn&#8220;]<div id=\"mpc_textblock-3869db93552a7ee\" class=\"mpc-textblock mpc-init \"><p style=\"font-family: Nexa; font-size: 40px;\"><strong>Service.<\/strong><\/p>\n<p style=\"font-family: Nexa; font-size: 22px; margin-top: 15px;\"><strong>Wir bieten alles<\/strong>, was<br \/>\nSie brauchen, um erfolgreich zu sein:<br \/>\nkontinuierliche Beratung, <strong>stetige Unterst\u00fctzung<\/strong>, stilvolle Accessoires, Materialien f\u00fcr den Point<br \/>\nof Sale und umfassende <strong>Schulungen.<\/strong><\/p>\n<\/div>[\/vc_column][vc_column css_animation=&#8220;fadeInLeftBig&#8220; width=&#8220;1\/2&#8243; el_class=&#8220;customcolumn&#8220;][\/vc_column][\/vc_row][vc_row full_width=&#8220;stretch_row_content&#8220; gap=&#8220;30&#8243; equal_height=&#8220;yes&#8220; content_placement=&#8220;middle&#8220; css=&#8220;.vc_custom_1728116985451{margin-top: 100px !important;padding-top: 100px !important;padding-bottom: 100px !important;}&#8220; el_class=&#8220;saperecoffee&#8220;][vc_column width=&#8220;1\/6&#8243;][\/vc_column][vc_column width=&#8220;1\/3&#8243;]<div id=\"mpc_textblock-3469db93552a8c1\" class=\"mpc-textblock mpc-init customtexthalf\"><p><span style=\"font-family: Nexa; font-size: 36px;\"><strong>Sapere Coffee<br \/>\nAcademy:<\/strong><br \/>\nDie Kultur<br \/>\ndes Kaffees in<br \/>\nallen Facetten.<\/span><\/p>\n<\/div>[vc_empty_space height=&#8220;200px&#8220;]<a href=\"\/de\/sapere-coffee-academy\/\" title=\"Sapere Coffee Academy\"  data-id=\"mpc_button-369db93552a9d0\" class=\"mpc-button mpc-init mpc-transition mpc-typography--preset_4 \" ><div class=\"mpc-button__content mpc-effect-type--none mpc-effect-side--none\"><span class=\"mpc-button__title mpc-transition\">ENTDECKE DIE KURSE<\/span><\/div><div class=\"mpc-button__background mpc-transition mpc-effect-type--fade mpc-effect-side--in\"><\/div><\/a>[\/vc_column][vc_column width=&#8220;1\/3&#8243;][\/vc_column][vc_column width=&#8220;1\/6&#8243;][\/vc_column][\/vc_row]<\/p>\n<\/div>","protected":false},"excerpt":{"rendered":"<p>[vc_row][vc_column][\/vc_column][\/vc_row][vc_row css=&#8220;.vc_custom_1721638722050{padding-top: 180px !important;padding-bottom: 180px !important;}&#8220;][vc_column][\/vc_column][\/vc_row][vc_row full_width=&#8220;stretch_row_content_no_spaces&#8220; equal_height=&#8220;yes&#8220; content_placement=&#8220;middle&#8220; el_class=&#8220;swap-on-mobile&#8220; css=&#8220;.vc_custom_1724164448101{padding-top: 200px !important;padding-bottom: 200px !important;background-image: url(https:\/\/manuelcaffe.hypefarm-test.it\/wp-content\/uploads\/2024\/08\/filosofia-ambiente.manuel-caffe.jpg?id=6816) !important;background-position: center !important;background-repeat: no-repeat !important;background-size: cover !important;}&#8220;][vc_column css_animation=&#8220;fadeInRightBig&#8220; width=&#8220;1\/2&#8243; css=&#8220;.vc_custom_1721638450609{background-position: center !important;background-repeat: no-repeat !important;background-size: cover !important;}&#8220; el_class=&#8220;customcolumn&#8220;][\/vc_column][vc_column css_animation=&#8220;fadeInLeftBig&#8220; width=&#8220;1\/2&#8243; el_class=&#8220;customcolumn&#8220;][\/vc_column][\/vc_row][vc_row full_width=&#8220;stretch_row_content_no_spaces&#8220; equal_height=&#8220;yes&#8220; content_placement=&#8220;middle&#8220; el_class=&#8220;swap-on-mobile&#8220; css=&#8220;.vc_custom_1721642215428{padding-top: 200px !important;padding-bottom: 200px !important;background-image: url(https:\/\/manuelcaffe.hypefarm-test.it\/wp-content\/uploads\/2024\/07\/Raggruppa-512.jpg?id=6509) !important;background-position: center !important;background-repeat: no-repeat !important;background-size: cover !important;}&#8220;][vc_column css_animation=&#8220;fadeInRightBig&#8220; width=&#8220;1\/2&#8243;<\/p>\n","protected":false},"author":1,"featured_media":0,"parent":0,"menu_order":0,"comment_status":"closed","ping_status":"closed","template":"","meta":{"_acf_changed":false,"cybocfi_hide_featured_image":"","footnotes":""},"categories":[],"tags":[],"class_list":["post-14243","page","type-page","status-publish","hentry","description-off"],"acf":[],"yoast_head":"<!-- This site is optimized with the Yoast SEO plugin v26.0 - https:\/\/yoast.com\/wordpress\/plugins\/seo\/ -->\n<title>Philosophie - Manuel Caff\u00e8<\/title>\n<meta name=\"robots\" content=\"index, follow, max-snippet:-1, max-image-preview:large, max-video-preview:-1\" \/>\n<link rel=\"canonical\" href=\"https:\/\/manuelcaffe.hypefarm-test.it\/de\/philosophie\/\" \/>\n<meta property=\"og:locale\" content=\"de_DE\" \/>\n<meta property=\"og:type\" content=\"article\" \/>\n<meta property=\"og:title\" content=\"Philosophie - Manuel Caff\u00e8\" \/>\n<meta property=\"og:description\" content=\"[vc_row][vc_column][\/vc_column][\/vc_row][vc_row css=&#8220;.vc_custom_1721638722050{padding-top: 180px !important;padding-bottom: 180px !important;}&#8220;][vc_column][\/vc_column][\/vc_row][vc_row full_width=&#8220;stretch_row_content_no_spaces&#8220; equal_height=&#8220;yes&#8220; content_placement=&#8220;middle&#8220; el_class=&#8220;swap-on-mobile&#8220; css=&#8220;.vc_custom_1724164448101{padding-top: 200px !important;padding-bottom: 200px !important;background-image: url(https:\/\/manuelcaffe.hypefarm-test.it\/wp-content\/uploads\/2024\/08\/filosofia-ambiente.manuel-caffe.jpg?id=6816) !important;background-position: center !important;background-repeat: no-repeat !important;background-size: cover !important;}&#8220;][vc_column css_animation=&#8220;fadeInRightBig&#8220; width=&#8220;1\/2&#8243; css=&#8220;.vc_custom_1721638450609{background-position: center !important;background-repeat: no-repeat !important;background-size: cover !important;}&#8220; el_class=&#8220;customcolumn&#8220;][\/vc_column][vc_column css_animation=&#8220;fadeInLeftBig&#8220; width=&#8220;1\/2&#8243; el_class=&#8220;customcolumn&#8220;][\/vc_column][\/vc_row][vc_row full_width=&#8220;stretch_row_content_no_spaces&#8220; equal_height=&#8220;yes&#8220; content_placement=&#8220;middle&#8220; el_class=&#8220;swap-on-mobile&#8220; css=&#8220;.vc_custom_1721642215428{padding-top: 200px !important;padding-bottom: 200px !important;background-image: url(https:\/\/manuelcaffe.hypefarm-test.it\/wp-content\/uploads\/2024\/07\/Raggruppa-512.jpg?id=6509) !important;background-position: center !important;background-repeat: no-repeat !important;background-size: cover !important;}&#8220;][vc_column css_animation=&#8220;fadeInRightBig&#8220; width=&#8220;1\/2&#8243;\" \/>\n<meta property=\"og:url\" content=\"https:\/\/manuelcaffe.hypefarm-test.it\/de\/philosophie\/\" \/>\n<meta property=\"og:site_name\" content=\"Manuel Caff\u00e8\" \/>\n<meta property=\"article:publisher\" content=\"https:\/\/www.facebook.com\/ManuelCaffeItalia\" \/>\n<meta property=\"article:modified_time\" content=\"2025-11-13T16:33:14+00:00\" \/>\n<meta name=\"twitter:card\" content=\"summary_large_image\" \/>\n<meta name=\"twitter:label1\" content=\"Gesch\u00e4tzte Lesezeit\" \/>\n\t<meta name=\"twitter:data1\" content=\"2\u00a0Minuten\" \/>\n<script type=\"application\/ld+json\" class=\"yoast-schema-graph\">{\"@context\":\"https:\/\/schema.org\",\"@graph\":[{\"@type\":\"WebPage\",\"@id\":\"https:\/\/manuelcaffe.hypefarm-test.it\/de\/philosophie\/\",\"url\":\"https:\/\/manuelcaffe.hypefarm-test.it\/de\/philosophie\/\",\"name\":\"Philosophie - Manuel Caff\u00e8\",\"isPartOf\":{\"@id\":\"https:\/\/manuelcaffe.hypefarm-test.it\/de\/#website\"},\"datePublished\":\"2024-07-22T09:51:31+00:00\",\"dateModified\":\"2025-11-13T16:33:14+00:00\",\"breadcrumb\":{\"@id\":\"https:\/\/manuelcaffe.hypefarm-test.it\/de\/philosophie\/#breadcrumb\"},\"inLanguage\":\"de\",\"potentialAction\":[{\"@type\":\"ReadAction\",\"target\":[\"https:\/\/manuelcaffe.hypefarm-test.it\/de\/philosophie\/\"]}]},{\"@type\":\"BreadcrumbList\",\"@id\":\"https:\/\/manuelcaffe.hypefarm-test.it\/de\/philosophie\/#breadcrumb\",\"itemListElement\":[{\"@type\":\"ListItem\",\"position\":1,\"name\":\"Home\",\"item\":\"https:\/\/manuelcaffe.hypefarm-test.it\/de\/\"},{\"@type\":\"ListItem\",\"position\":2,\"name\":\"Philosophie\"}]},{\"@type\":\"WebSite\",\"@id\":\"https:\/\/manuelcaffe.hypefarm-test.it\/de\/#website\",\"url\":\"https:\/\/manuelcaffe.hypefarm-test.it\/de\/\",\"name\":\"Manuel Caff\u00e8\",\"description\":\"\",\"publisher\":{\"@id\":\"https:\/\/manuelcaffe.hypefarm-test.it\/de\/#organization\"},\"potentialAction\":[{\"@type\":\"SearchAction\",\"target\":{\"@type\":\"EntryPoint\",\"urlTemplate\":\"https:\/\/manuelcaffe.hypefarm-test.it\/de\/?s={search_term_string}\"},\"query-input\":{\"@type\":\"PropertyValueSpecification\",\"valueRequired\":true,\"valueName\":\"search_term_string\"}}],\"inLanguage\":\"de\"},{\"@type\":\"Organization\",\"@id\":\"https:\/\/manuelcaffe.hypefarm-test.it\/de\/#organization\",\"name\":\"D.M.C s.r.l\",\"url\":\"https:\/\/manuelcaffe.hypefarm-test.it\/de\/\",\"logo\":{\"@type\":\"ImageObject\",\"inLanguage\":\"de\",\"@id\":\"https:\/\/manuelcaffe.hypefarm-test.it\/de\/#\/schema\/logo\/image\/\",\"url\":\"https:\/\/manuelcaffe.hypefarm-test.it\/wp-content\/uploads\/2024\/12\/favicon-152.png\",\"contentUrl\":\"https:\/\/manuelcaffe.hypefarm-test.it\/wp-content\/uploads\/2024\/12\/favicon-152.png\",\"width\":152,\"height\":152,\"caption\":\"D.M.C s.r.l\"},\"image\":{\"@id\":\"https:\/\/manuelcaffe.hypefarm-test.it\/de\/#\/schema\/logo\/image\/\"},\"sameAs\":[\"https:\/\/www.facebook.com\/ManuelCaffeItalia\",\"https:\/\/www.instagram.com\/manuel_caffe_italia\/\",\"https:\/\/www.youtube.com\/user\/Manuelcaffe\"]}]}<\/script>\n<!-- \/ Yoast SEO plugin. -->","yoast_head_json":{"title":"Philosophie - Manuel Caff\u00e8","robots":{"index":"index","follow":"follow","max-snippet":"max-snippet:-1","max-image-preview":"max-image-preview:large","max-video-preview":"max-video-preview:-1"},"canonical":"https:\/\/manuelcaffe.hypefarm-test.it\/de\/philosophie\/","og_locale":"de_DE","og_type":"article","og_title":"Philosophie - Manuel Caff\u00e8","og_description":"[vc_row][vc_column][\/vc_column][\/vc_row][vc_row css=&#8220;.vc_custom_1721638722050{padding-top: 180px !important;padding-bottom: 180px !important;}&#8220;][vc_column][\/vc_column][\/vc_row][vc_row full_width=&#8220;stretch_row_content_no_spaces&#8220; equal_height=&#8220;yes&#8220; content_placement=&#8220;middle&#8220; el_class=&#8220;swap-on-mobile&#8220; css=&#8220;.vc_custom_1724164448101{padding-top: 200px !important;padding-bottom: 200px !important;background-image: url(https:\/\/manuelcaffe.hypefarm-test.it\/wp-content\/uploads\/2024\/08\/filosofia-ambiente.manuel-caffe.jpg?id=6816) !important;background-position: center !important;background-repeat: no-repeat !important;background-size: cover !important;}&#8220;][vc_column css_animation=&#8220;fadeInRightBig&#8220; width=&#8220;1\/2&#8243; css=&#8220;.vc_custom_1721638450609{background-position: center !important;background-repeat: no-repeat !important;background-size: cover !important;}&#8220; el_class=&#8220;customcolumn&#8220;][\/vc_column][vc_column css_animation=&#8220;fadeInLeftBig&#8220; width=&#8220;1\/2&#8243; el_class=&#8220;customcolumn&#8220;][\/vc_column][\/vc_row][vc_row full_width=&#8220;stretch_row_content_no_spaces&#8220; equal_height=&#8220;yes&#8220; content_placement=&#8220;middle&#8220; el_class=&#8220;swap-on-mobile&#8220; css=&#8220;.vc_custom_1721642215428{padding-top: 200px !important;padding-bottom: 200px !important;background-image: url(https:\/\/manuelcaffe.hypefarm-test.it\/wp-content\/uploads\/2024\/07\/Raggruppa-512.jpg?id=6509) !important;background-position: center !important;background-repeat: no-repeat !important;background-size: cover !important;}&#8220;][vc_column css_animation=&#8220;fadeInRightBig&#8220; width=&#8220;1\/2&#8243;","og_url":"https:\/\/manuelcaffe.hypefarm-test.it\/de\/philosophie\/","og_site_name":"Manuel Caff\u00e8","article_publisher":"https:\/\/www.facebook.com\/ManuelCaffeItalia","article_modified_time":"2025-11-13T16:33:14+00:00","twitter_card":"summary_large_image","twitter_misc":{"Gesch\u00e4tzte Lesezeit":"2\u00a0Minuten"},"schema":{"@context":"https:\/\/schema.org","@graph":[{"@type":"WebPage","@id":"https:\/\/manuelcaffe.hypefarm-test.it\/de\/philosophie\/","url":"https:\/\/manuelcaffe.hypefarm-test.it\/de\/philosophie\/","name":"Philosophie - Manuel Caff\u00e8","isPartOf":{"@id":"https:\/\/manuelcaffe.hypefarm-test.it\/de\/#website"},"datePublished":"2024-07-22T09:51:31+00:00","dateModified":"2025-11-13T16:33:14+00:00","breadcrumb":{"@id":"https:\/\/manuelcaffe.hypefarm-test.it\/de\/philosophie\/#breadcrumb"},"inLanguage":"de","potentialAction":[{"@type":"ReadAction","target":["https:\/\/manuelcaffe.hypefarm-test.it\/de\/philosophie\/"]}]},{"@type":"BreadcrumbList","@id":"https:\/\/manuelcaffe.hypefarm-test.it\/de\/philosophie\/#breadcrumb","itemListElement":[{"@type":"ListItem","position":1,"name":"Home","item":"https:\/\/manuelcaffe.hypefarm-test.it\/de\/"},{"@type":"ListItem","position":2,"name":"Philosophie"}]},{"@type":"WebSite","@id":"https:\/\/manuelcaffe.hypefarm-test.it\/de\/#website","url":"https:\/\/manuelcaffe.hypefarm-test.it\/de\/","name":"Manuel Caff\u00e8","description":"","publisher":{"@id":"https:\/\/manuelcaffe.hypefarm-test.it\/de\/#organization"},"potentialAction":[{"@type":"SearchAction","target":{"@type":"EntryPoint","urlTemplate":"https:\/\/manuelcaffe.hypefarm-test.it\/de\/?s={search_term_string}"},"query-input":{"@type":"PropertyValueSpecification","valueRequired":true,"valueName":"search_term_string"}}],"inLanguage":"de"},{"@type":"Organization","@id":"https:\/\/manuelcaffe.hypefarm-test.it\/de\/#organization","name":"D.M.C s.r.l","url":"https:\/\/manuelcaffe.hypefarm-test.it\/de\/","logo":{"@type":"ImageObject","inLanguage":"de","@id":"https:\/\/manuelcaffe.hypefarm-test.it\/de\/#\/schema\/logo\/image\/","url":"https:\/\/manuelcaffe.hypefarm-test.it\/wp-content\/uploads\/2024\/12\/favicon-152.png","contentUrl":"https:\/\/manuelcaffe.hypefarm-test.it\/wp-content\/uploads\/2024\/12\/favicon-152.png","width":152,"height":152,"caption":"D.M.C s.r.l"},"image":{"@id":"https:\/\/manuelcaffe.hypefarm-test.it\/de\/#\/schema\/logo\/image\/"},"sameAs":["https:\/\/www.facebook.com\/ManuelCaffeItalia","https:\/\/www.instagram.com\/manuel_caffe_italia\/","https:\/\/www.youtube.com\/user\/Manuelcaffe"]}]}},"_links":{"self":[{"href":"https:\/\/manuelcaffe.hypefarm-test.it\/de\/wp-json\/wp\/v2\/pages\/14243","targetHints":{"allow":["GET"]}}],"collection":[{"href":"https:\/\/manuelcaffe.hypefarm-test.it\/de\/wp-json\/wp\/v2\/pages"}],"about":[{"href":"https:\/\/manuelcaffe.hypefarm-test.it\/de\/wp-json\/wp\/v2\/types\/page"}],"author":[{"embeddable":true,"href":"https:\/\/manuelcaffe.hypefarm-test.it\/de\/wp-json\/wp\/v2\/users\/1"}],"replies":[{"embeddable":true,"href":"https:\/\/manuelcaffe.hypefarm-test.it\/de\/wp-json\/wp\/v2\/comments?post=14243"}],"version-history":[{"count":4,"href":"https:\/\/manuelcaffe.hypefarm-test.it\/de\/wp-json\/wp\/v2\/pages\/14243\/revisions"}],"predecessor-version":[{"id":14476,"href":"https:\/\/manuelcaffe.hypefarm-test.it\/de\/wp-json\/wp\/v2\/pages\/14243\/revisions\/14476"}],"wp:attachment":[{"href":"https:\/\/manuelcaffe.hypefarm-test.it\/de\/wp-json\/wp\/v2\/media?parent=14243"}],"wp:term":[{"taxonomy":"category","embeddable":true,"href":"https:\/\/manuelcaffe.hypefarm-test.it\/de\/wp-json\/wp\/v2\/categories?post=14243"},{"taxonomy":"post_tag","embeddable":true,"href":"https:\/\/manuelcaffe.hypefarm-test.it\/de\/wp-json\/wp\/v2\/tags?post=14243"}],"curies":[{"name":"wp","href":"https:\/\/api.w.org\/{rel}","templated":true}]}}