{"id":14279,"date":"2024-09-13T13:13:54","date_gmt":"2024-09-13T11:13:54","guid":{"rendered":"https:\/\/manuelcaffe.hypefarm-test.it\/contatti\/"},"modified":"2025-09-29T18:42:45","modified_gmt":"2025-09-29T16:42:45","slug":"kontakt","status":"publish","type":"page","link":"https:\/\/manuelcaffe.hypefarm-test.it\/de\/kontakt\/","title":{"rendered":"Kontakt"},"content":{"rendered":"<div class=\"wpb-content-wrapper\"><p>[vc_row css=&#8220;.vc_custom_1724236708845{padding-top: 180px !important;padding-bottom: 60px !important;}&#8220;][vc_column width=&#8220;1\/6&#8243;][\/vc_column][vc_column width=&#8220;2\/3&#8243; css=&#8220;.vc_custom_1726226244939{padding-top: 80px !important;}&#8220;]<div id=\"mpc_textblock-2369db98079773f\" class=\"mpc-textblock mpc-init \"><p><strong><span style=\"font-size: 46px;\">Kontakt <\/span><\/strong><\/p>\n<\/div>[\/vc_column][vc_column width=&#8220;1\/6&#8243;][\/vc_column][\/vc_row][vc_row css=&#8220;.vc_custom_1726234884071{padding-top: 10px !important;padding-bottom: 70px !important;}&#8220;][vc_column width=&#8220;1\/4&#8243;][\/vc_column][vc_column width=&#8220;1\/2&#8243;]<div id=\"mpc_textblock-669db980797863\" class=\"mpc-textblock mpc-init \"><p><span style=\"font-size: 24px;\">M\u00f6chten Sie <strong>mehr Informationen<\/strong> \u00fcber unsere Kaffees und unsere Dienstleistungen erhalten?<br \/>\n<strong>F\u00fcllen Sie das Formular aus oder kontaktieren Sie uns.<\/strong><br \/>\n<\/span><\/p>\n<\/div>[\/vc_column][vc_column width=&#8220;1\/4&#8243;][\/vc_column][\/vc_row][vc_row][vc_column]\n<div class=\"wpcf7 no-js\" id=\"wpcf7-f14277-o1\" lang=\"de-DE\" dir=\"ltr\" data-wpcf7-id=\"14277\">\n<div class=\"screen-reader-response\"><p role=\"status\" aria-live=\"polite\" aria-atomic=\"true\"><\/p> <ul><\/ul><\/div>\n<form action=\"\/de\/wp-json\/wp\/v2\/pages\/14279#wpcf7-f14277-o1\" method=\"post\" class=\"wpcf7-form init\" aria-label=\"Kontaktformular\" novalidate=\"novalidate\" data-status=\"init\">\n<fieldset class=\"hidden-fields-container\"><input type=\"hidden\" name=\"_wpcf7\" value=\"14277\" \/><input type=\"hidden\" name=\"_wpcf7_version\" value=\"6.1.3\" \/><input type=\"hidden\" name=\"_wpcf7_locale\" value=\"de_DE\" \/><input type=\"hidden\" name=\"_wpcf7_unit_tag\" value=\"wpcf7-f14277-o1\" \/><input type=\"hidden\" name=\"_wpcf7_container_post\" value=\"0\" \/><input type=\"hidden\" name=\"_wpcf7_posted_data_hash\" value=\"\" \/>\n<\/fieldset>\n<div class=\"uacf7-form-wrapper-container uacf7-form-14277  \"><div class=\"vc_col-sm-12\">\n<div class=\"vc_col-sm-6\">\n<span class=\"wpcf7-form-control-wrap\" data-name=\"nome\"><input size=\"40\" maxlength=\"400\" class=\"wpcf7-form-control wpcf7-text wpcf7-validates-as-required\" aria-required=\"true\" aria-invalid=\"false\" placeholder=\"Name*\" value=\"\" type=\"text\" name=\"nome\" \/><\/span>\n<span class=\"wpcf7-form-control-wrap\" data-name=\"cognome\"><input size=\"40\" maxlength=\"400\" class=\"wpcf7-form-control wpcf7-text wpcf7-validates-as-required\" aria-required=\"true\" aria-invalid=\"false\" placeholder=\"Nachname*\" value=\"\" type=\"text\" name=\"cognome\" \/><\/span>\n<span class=\"wpcf7-form-control-wrap\" data-name=\"email-832\"><input size=\"40\" maxlength=\"400\" class=\"wpcf7-form-control wpcf7-email wpcf7-validates-as-required wpcf7-text wpcf7-validates-as-email\" aria-required=\"true\" aria-invalid=\"false\" placeholder=\"Email*\" value=\"\" type=\"email\" name=\"email-832\" \/><\/span>\n<span class=\"wpcf7-form-control-wrap\" data-name=\"radio-385\"><span class=\"wpcf7-form-control wpcf7-radio\"><span class=\"wpcf7-list-item first\"><label><input type=\"radio\" name=\"radio-385\" value=\"Privat\" checked=\"checked\" \/><span class=\"wpcf7-list-item-label\">Privat<\/span><\/label><\/span><span class=\"wpcf7-list-item last\"><label><input type=\"radio\" name=\"radio-385\" value=\"Unternehmen\" \/><span class=\"wpcf7-list-item-label\">Unternehmen<\/span><\/label><\/span><\/span><\/span>\n<\/div>\n<div class=\"vc_col-sm-6\">\n<div class=\"vc_col-sm-8\">\n<span class=\"wpcf7-form-control-wrap\" data-name=\"country\"><input size=\"40\" maxlength=\"400\" class=\"wpcf7-form-control wpcf7-text wpcf7-validates-as-required\" aria-required=\"true\" aria-invalid=\"false\" placeholder=\"Nation*\" value=\"\" type=\"text\" name=\"country\" \/><\/span>\n<\/div>\n<div class=\"vc_col-sm-4\">\n<span class=\"wpcf7-form-control-wrap\" data-name=\"zip\"><input size=\"40\" maxlength=\"400\" class=\"wpcf7-form-control wpcf7-text wpcf7-validates-as-required\" aria-required=\"true\" aria-invalid=\"false\" placeholder=\"Plz*\" value=\"\" type=\"text\" name=\"zip\" \/><\/span>\n<\/div>\n<div class=\"vc_col-sm-12\">\n<span class=\"wpcf7-form-control-wrap\" data-name=\"city\"><input size=\"40\" maxlength=\"400\" class=\"wpcf7-form-control wpcf7-text wpcf7-validates-as-required\" aria-required=\"true\" aria-invalid=\"false\" placeholder=\"Stadt*\" value=\"\" type=\"text\" name=\"city\" \/><\/span>\n<\/div>\n<div class=\"vc_col-sm-12\">\n<span class=\"wpcf7-form-control-wrap\" data-name=\"telefono\"><input size=\"40\" maxlength=\"400\" class=\"wpcf7-form-control wpcf7-text wpcf7-validates-as-required\" aria-required=\"true\" aria-invalid=\"false\" placeholder=\"Telefon*\" value=\"\" type=\"text\" name=\"telefono\" \/><\/span>\n<\/div>\n<div class=\"vc_col-sm-12\">\n<span class=\"wpcf7-form-control-wrap\" data-name=\"lang\"><input size=\"40\" maxlength=\"400\" class=\"wpcf7-form-control wpcf7-text wpcf7-validates-as-required\" aria-required=\"true\" aria-invalid=\"false\" placeholder=\"Sprache*\" value=\"\" type=\"text\" name=\"lang\" \/><\/span>\n<\/div>\n<\/div>\n<\/div>\n<div class=\"vc_col-sm-12\">\n<div class=\"vc_col-sm-6\" style=\"margin-top:30px;\">\n<label>Nachricht<\/label>\n<span class=\"wpcf7-form-control-wrap\" data-name=\"textarea-145\"><textarea cols=\"40\" rows=\"7\" maxlength=\"2000\" class=\"wpcf7-form-control wpcf7-textarea\" aria-invalid=\"false\" name=\"textarea-145\"><\/textarea><\/span>\n<\/div>\n<div class=\"vc_col-sm-6\"style=\"margin-top:24px;\">\n<div class=\"vc_col-sm-12\" style=\"margin-top:30px;>\n<span class=\"wpcf7-form-control-wrap\" data-name=\"acceptance-10\"><span class=\"wpcf7-form-control wpcf7-acceptance\"><span class=\"wpcf7-list-item\"><input type=\"checkbox\" name=\"acceptance-10\" value=\"1\" aria-invalid=\"false\" \/><\/span><\/span><\/span> <span style=\"font-size: 12px;letter-spacing: 0.7px;\">Mit Ihrer Registrierung akzeptieren Sie unsere <a href=\"https:\/\/www.iubenda.com\/privacy-policy\/89250787\" class=\"iubenda-nostyle no-brand iubenda-noiframe iubenda-embed iubenda-noiframe \" title=\"Privacy Policy \">Datenschutzrichtlinien  *<\/a><\/span>\n<\/div>\n<div class=\"vc_col-sm-12\" style=\"margin-top:30px;\">\n<span class=\"wpcf7-form-control-wrap\" data-name=\"acceptance-11\"><span class=\"wpcf7-form-control wpcf7-acceptance optional\"><span class=\"wpcf7-list-item\"><input type=\"checkbox\" name=\"acceptance-11\" value=\"1\" aria-invalid=\"false\" \/><\/span><\/span><\/span> <span style=\"font-size: 12px;letter-spacing: 0.7px;\">Ja, ich m\u00f6chte den Newsletter und Informationen zu Aktionen von Manuel Caff\u00e8 per E-Mail erhalten. Ich kann die Einschreibung zum Empfang unseres Newsletters jederzeit k\u00fcndigen, d.h. meine Einwilligungen widerrufen.<\/span>\n<\/div>\n\n<div class=\"vc_col-sm-12\" style=\"margin-top:30px;\">\n<input class=\"wpcf7-form-control wpcf7-submit has-spinner\" type=\"submit\" value=\"Schicken\" \/>\n<\/div>\n<\/div>\n<\/div><\/div><div class=\"wpcf7-response-output\" aria-hidden=\"true\"><\/div>\n<\/form>\n<\/div>\n[\/vc_column][\/vc_row][vc_row gap=&#8220;25&#8243; equal_height=&#8220;yes&#8220; css=&#8220;.vc_custom_1726234286446{padding-top: 40px !important;padding-right: 30px !important;padding-bottom: 40px !important;padding-left: 30px !important;}&#8220;][vc_column width=&#8220;1\/4&#8243; css=&#8220;.vc_custom_1726226210803{border-bottom-width: 1px !important;border-bottom-style: solid !important;border-color: #ffffff !important;}&#8220;]<div data-id=\"mpc_icon-5569db98079ae89\" class=\"mpc-icon mpc-init mpc-transition mpc-effect-none mpc-icon--image \"><div class=\"mpc-icon-wrap\"><i class=\"mpc-icon-part mpc-regular mpc-transition \"><img decoding=\"async\" class=\"\" src=\"https:\/\/manuelcaffe.hypefarm-test.it\/wp-content\/uploads\/2024\/09\/Raggruppa-567-40x40.png\" width=\"40\" height=\"40\" alt=\"Raggruppa 567\" title=\"Raggruppa 567\" loading=\"lazy\" \/><\/i><\/div><\/div>[vc_column_text css=&#8220;.vc_custom_1759163852451{margin-top: 20px !important;margin-bottom: 20px !important;}&#8220;]<span style=\"font-size: 12px;\">FIRMENSITZ<\/span>[\/vc_column_text][vc_column_text css=&#8220;&#8220;]<span style=\"font-size: 16px;\">Vicolo dei Bar 14,<\/span><br \/>\n<span style=\"font-size: 16px;\">31020,<br \/>\n<\/span><span style=\"font-size: 16px;\">San Vendemiano (TV) Italy<\/span>[\/vc_column_text][\/vc_column][vc_column width=&#8220;1\/4&#8243; css=&#8220;.vc_custom_1726226745719{border-bottom-width: 1px !important;border-bottom-style: solid !important;border-color: #ffffff !important;}&#8220;]<div data-id=\"mpc_icon-2669db98079b3c8\" class=\"mpc-icon mpc-init mpc-transition mpc-effect-none mpc-icon--image \"><div class=\"mpc-icon-wrap\"><i class=\"mpc-icon-part mpc-regular mpc-transition \"><img decoding=\"async\" class=\"\" src=\"https:\/\/manuelcaffe.hypefarm-test.it\/wp-content\/uploads\/2024\/09\/Raggruppa-580-39x32.png\" width=\"39\" height=\"32\" alt=\"Raggruppa 580\" title=\"Raggruppa 580\" loading=\"lazy\" \/><\/i><\/div><\/div>[vc_column_text css=&#8220;.vc_custom_1726234522887{margin-top: 20px !important;margin-bottom: 20px !important;}&#8220;]<span style=\"font-size: 12px;\">MAIL<\/span>[\/vc_column_text][vc_column_text css=&#8220;&#8220;]<span style=\"font-size: 16px;\"><a href=\"mailto:info@manuel.it\">info@manuel.it<\/a><\/span>[\/vc_column_text][\/vc_column][vc_column width=&#8220;1\/4&#8243; css=&#8220;.vc_custom_1726226959645{border-bottom-width: 1px !important;border-bottom-style: solid !important;border-color: #ffffff !important;}&#8220;]<div data-id=\"mpc_icon-3169db98079b878\" class=\"mpc-icon mpc-init mpc-transition mpc-effect-none mpc-icon--image \"><div class=\"mpc-icon-wrap\"><i class=\"mpc-icon-part mpc-regular mpc-transition \"><img decoding=\"async\" class=\"\" src=\"https:\/\/manuelcaffe.hypefarm-test.it\/wp-content\/uploads\/2024\/09\/Raggruppa-569-40x40.png\" width=\"40\" height=\"40\" alt=\"Raggruppa 569\" title=\"Raggruppa 569\" loading=\"lazy\" \/><\/i><\/div><\/div>[vc_column_text css=&#8220;.vc_custom_1759163863466{margin-top: 20px !important;margin-bottom: 20px !important;}&#8220;]<span style=\"font-size: 12px;\">TELEFON<\/span>[\/vc_column_text][vc_column_text css=&#8220;&#8220;]<span style=\"font-size: 16px;\"><a href=\"tel:+390438410500\">+39 0438 410500<\/a><\/span>[\/vc_column_text][\/vc_column][vc_column width=&#8220;1\/4&#8243; css=&#8220;.vc_custom_1726226787406{border-bottom-width: 1px !important;border-bottom-style: solid !important;border-color: #ffffff !important;}&#8220;]<div data-id=\"mpc_icon-269db98079bda9\" class=\"mpc-icon mpc-init mpc-transition mpc-effect-none mpc-icon--image \"><div class=\"mpc-icon-wrap\"><i class=\"mpc-icon-part mpc-regular mpc-transition \"><img decoding=\"async\" class=\"\" src=\"https:\/\/manuelcaffe.hypefarm-test.it\/wp-content\/uploads\/2024\/09\/Raggruppa-582-46x40.png\" width=\"46\" height=\"40\" alt=\"Raggruppa 582\" title=\"Raggruppa 582\" loading=\"lazy\" \/><\/i><\/div><\/div>[vc_column_text css=&#8220;.vc_custom_1759163871400{margin-top: 20px !important;margin-bottom: 20px !important;}&#8220;]<span style=\"font-size: 12px;\">FAX<\/span>[\/vc_column_text][vc_column_text css=&#8220;&#8220;]<span style=\"font-size: 16px;\">+39 0438 411449<\/span>[\/vc_column_text][\/vc_column][\/vc_row][vc_row css=&#8220;.vc_custom_1726234771582{padding-bottom: 60px !important;border-radius: 15px !important;}&#8220;][vc_column css=&#8220;.vc_custom_1726227389857{border-radius: 15px !important;}&#8220;][vc_gmaps link=&#8220;#E-8_JTNDaWZyYW1lJTIwc3JjJTNEJTIyaHR0cHMlM0ElMkYlMkZ3d3cuZ29vZ2xlLmNvbSUyRm1hcHMlMkZlbWJlZCUzRnBiJTNEJTIxMW0xOCUyMTFtMTIlMjExbTMlMjExZDU1NTQuODkxMjc4ODMwOTkzJTIxMmQxMi4zMTQ2NTM5NDMxNDM5MzglMjEzZDQ1Ljg4MjM5OTU4MDUwMDg0JTIxMm0zJTIxMWYwJTIxMmYwJTIxM2YwJTIxM20yJTIxMWkxMDI0JTIxMmk3NjglMjE0ZjEzLjElMjEzbTMlMjExbTIlMjExczB4NDc3OTE1MjNiYzU1MGE2ZCUyNTNBMHg4YTZjNjJjNjI5MWMwYWY4JTIxMnNNYW51ZWwlMjUyMENhZmYlMjVDMyUyNUE4JTI1MjAtJTI1MjBELk0uQy4lMjUyMFMuci5sLiUyMTVlMCUyMTNtMiUyMTFzZW4lMjEyc2l0JTIxNHYxNzI2MjI3MTIzNjU5JTIxNW0yJTIxMXNlbiUyMTJzaXQlMjIlMjB3aWR0aCUzRCUyMjEwMCUyNSUyMiUyMGhlaWdodCUzRCUyMjUwMCUyMiUyMHN0eWxlJTNEJTIyYm9yZGVyJTNBMCUzQiUyMiUyMGFsbG93ZnVsbHNjcmVlbiUzRCUyMiUyMiUyMGxvYWRpbmclM0QlMjJsYXp5JTIyJTIwcmVmZXJyZXJwb2xpY3klM0QlMjJuby1yZWZlcnJlci13aGVuLWRvd25ncmFkZSUyMiUzRSUzQyUyRmlmcmFtZSUzRQ==&#8220; css=&#8220;.vc_custom_1726227966724{border-radius: 15px !important;border-color: rgba(255,255,255,0.01) !important;}&#8220;][\/vc_column][\/vc_row][vc_row full_width=&#8220;stretch_row_content_no_spaces&#8220; equal_height=&#8220;yes&#8220; content_placement=&#8220;middle&#8220; css=&#8220;.vc_custom_1724167996491{background-image: url(https:\/\/manuelcaffe.hypefarm-test.it\/wp-content\/uploads\/2024\/08\/progetto-manuel-caffe-1.jpg?id=6838) !important;background-position: center !important;background-repeat: no-repeat !important;background-size: cover !important;}&#8220;][vc_column css_animation=&#8220;fadeInRightBig&#8220; width=&#8220;1\/2&#8243; css=&#8220;.vc_custom_1721645435042{background-position: center !important;background-repeat: no-repeat !important;background-size: cover !important;}&#8220; el_class=&#8220;customcolumn&#8220;]<div id=\"mpc_textblock-3769db98079be3d\" class=\"mpc-textblock mpc-init \"><p><span style=\"font-family: Nexa; font-size: 36px;\"><strong>Familienleidenschaft.<\/strong><br \/>\nIn jeder einzelnen<br \/>\nBohne seit 1975.<\/span><\/p>\n<\/div>[vc_empty_space height=&#8220;200px&#8220;]<a href=\"\/de\/wer-wir-sind\/\" title=\"wer wir sind\"  data-id=\"mpc_button-9869db98079bf71\" class=\"mpc-button mpc-init mpc-transition mpc-typography--preset_4 \" ><div class=\"mpc-button__content mpc-effect-type--none mpc-effect-side--none\"><span class=\"mpc-button__title mpc-transition\">SCOPRI CHI SIAMO<\/span><\/div><div class=\"mpc-button__background mpc-transition mpc-effect-type--fade mpc-effect-side--in\"><\/div><\/a>[\/vc_column][vc_column css_animation=&#8220;fadeInLeftBig&#8220; width=&#8220;1\/2&#8243; el_class=&#8220;nomobile&#8220;][vc_empty_space height=&#8220;350px&#8220;][\/vc_column][\/vc_row]<\/p>\n<\/div>","protected":false},"excerpt":{"rendered":"<p>[vc_row css=&#8220;.vc_custom_1724236708845{padding-top: 180px !important;padding-bottom: 60px !important;}&#8220;][vc_column width=&#8220;1\/6&#8243;][\/vc_column][vc_column width=&#8220;2\/3&#8243; css=&#8220;.vc_custom_1726226244939{padding-top: 80px !important;}&#8220;][\/vc_column][vc_column width=&#8220;1\/6&#8243;][\/vc_column][\/vc_row][vc_row css=&#8220;.vc_custom_1726234884071{padding-top: 10px !important;padding-bottom: 70px !important;}&#8220;][vc_column width=&#8220;1\/4&#8243;][\/vc_column][vc_column width=&#8220;1\/2&#8243;][\/vc_column][vc_column width=&#8220;1\/4&#8243;][\/vc_column][\/vc_row][vc_row][vc_column][\/vc_column][\/vc_row][vc_row gap=&#8220;25&#8243; equal_height=&#8220;yes&#8220; css=&#8220;.vc_custom_1726234286446{padding-top: 40px !important;padding-right: 30px !important;padding-bottom: 40px !important;padding-left: 30px !important;}&#8220;][vc_column width=&#8220;1\/4&#8243; css=&#8220;.vc_custom_1726226210803{border-bottom-width: 1px !important;border-bottom-style: solid !important;border-color: #ffffff !important;}&#8220;][vc_column_text css=&#8220;.vc_custom_1759163852451{margin-top: 20px !important;margin-bottom: 20px !important;}&#8220;]FIRMENSITZ[\/vc_column_text][vc_column_text css=&#8220;&#8220;]Vicolo dei Bar 14, 31020, San Vendemiano (TV) Italy[\/vc_column_text][\/vc_column][vc_column width=&#8220;1\/4&#8243; css=&#8220;.vc_custom_1726226745719{border-bottom-width:<\/p>\n","protected":false},"author":1,"featured_media":0,"parent":0,"menu_order":0,"comment_status":"closed","ping_status":"closed","template":"","meta":{"_acf_changed":false,"cybocfi_hide_featured_image":"","footnotes":""},"categories":[],"tags":[],"class_list":["post-14279","page","type-page","status-publish","hentry","description-off"],"acf":[],"yoast_head":"<!-- This site is optimized with the Yoast SEO plugin v26.0 - https:\/\/yoast.com\/wordpress\/plugins\/seo\/ -->\n<title>Kontakt - Manuel Caff\u00e8<\/title>\n<meta name=\"robots\" content=\"index, follow, max-snippet:-1, max-image-preview:large, max-video-preview:-1\" \/>\n<link rel=\"canonical\" href=\"https:\/\/manuelcaffe.hypefarm-test.it\/de\/kontakt\/\" \/>\n<meta property=\"og:locale\" content=\"de_DE\" \/>\n<meta property=\"og:type\" content=\"article\" \/>\n<meta property=\"og:title\" content=\"Kontakt - Manuel Caff\u00e8\" \/>\n<meta property=\"og:description\" content=\"[vc_row css=&#8220;.vc_custom_1724236708845{padding-top: 180px !important;padding-bottom: 60px !important;}&#8220;][vc_column width=&#8220;1\/6&#8243;][\/vc_column][vc_column width=&#8220;2\/3&#8243; css=&#8220;.vc_custom_1726226244939{padding-top: 80px !important;}&#8220;][\/vc_column][vc_column width=&#8220;1\/6&#8243;][\/vc_column][\/vc_row][vc_row css=&#8220;.vc_custom_1726234884071{padding-top: 10px !important;padding-bottom: 70px !important;}&#8220;][vc_column width=&#8220;1\/4&#8243;][\/vc_column][vc_column width=&#8220;1\/2&#8243;][\/vc_column][vc_column width=&#8220;1\/4&#8243;][\/vc_column][\/vc_row][vc_row][vc_column][\/vc_column][\/vc_row][vc_row gap=&#8220;25&#8243; equal_height=&#8220;yes&#8220; css=&#8220;.vc_custom_1726234286446{padding-top: 40px !important;padding-right: 30px !important;padding-bottom: 40px !important;padding-left: 30px !important;}&#8220;][vc_column width=&#8220;1\/4&#8243; css=&#8220;.vc_custom_1726226210803{border-bottom-width: 1px !important;border-bottom-style: solid !important;border-color: #ffffff !important;}&#8220;][vc_column_text css=&#8220;.vc_custom_1759163852451{margin-top: 20px !important;margin-bottom: 20px !important;}&#8220;]FIRMENSITZ[\/vc_column_text][vc_column_text css=&#8220;&#8220;]Vicolo dei Bar 14, 31020, San Vendemiano (TV) Italy[\/vc_column_text][\/vc_column][vc_column width=&#8220;1\/4&#8243; css=&#8220;.vc_custom_1726226745719{border-bottom-width:\" \/>\n<meta property=\"og:url\" content=\"https:\/\/manuelcaffe.hypefarm-test.it\/de\/kontakt\/\" \/>\n<meta property=\"og:site_name\" content=\"Manuel Caff\u00e8\" \/>\n<meta property=\"article:publisher\" content=\"https:\/\/www.facebook.com\/ManuelCaffeItalia\" \/>\n<meta property=\"article:modified_time\" content=\"2025-09-29T16:42:45+00:00\" \/>\n<meta name=\"twitter:card\" content=\"summary_large_image\" \/>\n<meta name=\"twitter:label1\" content=\"Gesch\u00e4tzte Lesezeit\" \/>\n\t<meta name=\"twitter:data1\" content=\"2\u00a0Minuten\" \/>\n<script type=\"application\/ld+json\" class=\"yoast-schema-graph\">{\"@context\":\"https:\/\/schema.org\",\"@graph\":[{\"@type\":\"WebPage\",\"@id\":\"https:\/\/manuelcaffe.hypefarm-test.it\/de\/kontakt\/\",\"url\":\"https:\/\/manuelcaffe.hypefarm-test.it\/de\/kontakt\/\",\"name\":\"Kontakt - Manuel Caff\u00e8\",\"isPartOf\":{\"@id\":\"https:\/\/manuelcaffe.hypefarm-test.it\/de\/#website\"},\"datePublished\":\"2024-09-13T11:13:54+00:00\",\"dateModified\":\"2025-09-29T16:42:45+00:00\",\"breadcrumb\":{\"@id\":\"https:\/\/manuelcaffe.hypefarm-test.it\/de\/kontakt\/#breadcrumb\"},\"inLanguage\":\"de\",\"potentialAction\":[{\"@type\":\"ReadAction\",\"target\":[\"https:\/\/manuelcaffe.hypefarm-test.it\/de\/kontakt\/\"]}]},{\"@type\":\"BreadcrumbList\",\"@id\":\"https:\/\/manuelcaffe.hypefarm-test.it\/de\/kontakt\/#breadcrumb\",\"itemListElement\":[{\"@type\":\"ListItem\",\"position\":1,\"name\":\"Home\",\"item\":\"https:\/\/manuelcaffe.hypefarm-test.it\/de\/\"},{\"@type\":\"ListItem\",\"position\":2,\"name\":\"Kontakt\"}]},{\"@type\":\"WebSite\",\"@id\":\"https:\/\/manuelcaffe.hypefarm-test.it\/de\/#website\",\"url\":\"https:\/\/manuelcaffe.hypefarm-test.it\/de\/\",\"name\":\"Manuel Caff\u00e8\",\"description\":\"\",\"publisher\":{\"@id\":\"https:\/\/manuelcaffe.hypefarm-test.it\/de\/#organization\"},\"potentialAction\":[{\"@type\":\"SearchAction\",\"target\":{\"@type\":\"EntryPoint\",\"urlTemplate\":\"https:\/\/manuelcaffe.hypefarm-test.it\/de\/?s={search_term_string}\"},\"query-input\":{\"@type\":\"PropertyValueSpecification\",\"valueRequired\":true,\"valueName\":\"search_term_string\"}}],\"inLanguage\":\"de\"},{\"@type\":\"Organization\",\"@id\":\"https:\/\/manuelcaffe.hypefarm-test.it\/de\/#organization\",\"name\":\"D.M.C s.r.l\",\"url\":\"https:\/\/manuelcaffe.hypefarm-test.it\/de\/\",\"logo\":{\"@type\":\"ImageObject\",\"inLanguage\":\"de\",\"@id\":\"https:\/\/manuelcaffe.hypefarm-test.it\/de\/#\/schema\/logo\/image\/\",\"url\":\"https:\/\/manuelcaffe.hypefarm-test.it\/wp-content\/uploads\/2024\/12\/favicon-152.png\",\"contentUrl\":\"https:\/\/manuelcaffe.hypefarm-test.it\/wp-content\/uploads\/2024\/12\/favicon-152.png\",\"width\":152,\"height\":152,\"caption\":\"D.M.C s.r.l\"},\"image\":{\"@id\":\"https:\/\/manuelcaffe.hypefarm-test.it\/de\/#\/schema\/logo\/image\/\"},\"sameAs\":[\"https:\/\/www.facebook.com\/ManuelCaffeItalia\",\"https:\/\/www.instagram.com\/manuel_caffe_italia\/\",\"https:\/\/www.youtube.com\/user\/Manuelcaffe\"]}]}<\/script>\n<!-- \/ Yoast SEO plugin. -->","yoast_head_json":{"title":"Kontakt - Manuel Caff\u00e8","robots":{"index":"index","follow":"follow","max-snippet":"max-snippet:-1","max-image-preview":"max-image-preview:large","max-video-preview":"max-video-preview:-1"},"canonical":"https:\/\/manuelcaffe.hypefarm-test.it\/de\/kontakt\/","og_locale":"de_DE","og_type":"article","og_title":"Kontakt - Manuel Caff\u00e8","og_description":"[vc_row css=&#8220;.vc_custom_1724236708845{padding-top: 180px !important;padding-bottom: 60px !important;}&#8220;][vc_column width=&#8220;1\/6&#8243;][\/vc_column][vc_column width=&#8220;2\/3&#8243; css=&#8220;.vc_custom_1726226244939{padding-top: 80px !important;}&#8220;][\/vc_column][vc_column width=&#8220;1\/6&#8243;][\/vc_column][\/vc_row][vc_row css=&#8220;.vc_custom_1726234884071{padding-top: 10px !important;padding-bottom: 70px !important;}&#8220;][vc_column width=&#8220;1\/4&#8243;][\/vc_column][vc_column width=&#8220;1\/2&#8243;][\/vc_column][vc_column width=&#8220;1\/4&#8243;][\/vc_column][\/vc_row][vc_row][vc_column][\/vc_column][\/vc_row][vc_row gap=&#8220;25&#8243; equal_height=&#8220;yes&#8220; css=&#8220;.vc_custom_1726234286446{padding-top: 40px !important;padding-right: 30px !important;padding-bottom: 40px !important;padding-left: 30px !important;}&#8220;][vc_column width=&#8220;1\/4&#8243; css=&#8220;.vc_custom_1726226210803{border-bottom-width: 1px !important;border-bottom-style: solid !important;border-color: #ffffff !important;}&#8220;][vc_column_text css=&#8220;.vc_custom_1759163852451{margin-top: 20px !important;margin-bottom: 20px !important;}&#8220;]FIRMENSITZ[\/vc_column_text][vc_column_text css=&#8220;&#8220;]Vicolo dei Bar 14, 31020, San Vendemiano (TV) Italy[\/vc_column_text][\/vc_column][vc_column width=&#8220;1\/4&#8243; css=&#8220;.vc_custom_1726226745719{border-bottom-width:","og_url":"https:\/\/manuelcaffe.hypefarm-test.it\/de\/kontakt\/","og_site_name":"Manuel Caff\u00e8","article_publisher":"https:\/\/www.facebook.com\/ManuelCaffeItalia","article_modified_time":"2025-09-29T16:42:45+00:00","twitter_card":"summary_large_image","twitter_misc":{"Gesch\u00e4tzte Lesezeit":"2\u00a0Minuten"},"schema":{"@context":"https:\/\/schema.org","@graph":[{"@type":"WebPage","@id":"https:\/\/manuelcaffe.hypefarm-test.it\/de\/kontakt\/","url":"https:\/\/manuelcaffe.hypefarm-test.it\/de\/kontakt\/","name":"Kontakt - Manuel Caff\u00e8","isPartOf":{"@id":"https:\/\/manuelcaffe.hypefarm-test.it\/de\/#website"},"datePublished":"2024-09-13T11:13:54+00:00","dateModified":"2025-09-29T16:42:45+00:00","breadcrumb":{"@id":"https:\/\/manuelcaffe.hypefarm-test.it\/de\/kontakt\/#breadcrumb"},"inLanguage":"de","potentialAction":[{"@type":"ReadAction","target":["https:\/\/manuelcaffe.hypefarm-test.it\/de\/kontakt\/"]}]},{"@type":"BreadcrumbList","@id":"https:\/\/manuelcaffe.hypefarm-test.it\/de\/kontakt\/#breadcrumb","itemListElement":[{"@type":"ListItem","position":1,"name":"Home","item":"https:\/\/manuelcaffe.hypefarm-test.it\/de\/"},{"@type":"ListItem","position":2,"name":"Kontakt"}]},{"@type":"WebSite","@id":"https:\/\/manuelcaffe.hypefarm-test.it\/de\/#website","url":"https:\/\/manuelcaffe.hypefarm-test.it\/de\/","name":"Manuel Caff\u00e8","description":"","publisher":{"@id":"https:\/\/manuelcaffe.hypefarm-test.it\/de\/#organization"},"potentialAction":[{"@type":"SearchAction","target":{"@type":"EntryPoint","urlTemplate":"https:\/\/manuelcaffe.hypefarm-test.it\/de\/?s={search_term_string}"},"query-input":{"@type":"PropertyValueSpecification","valueRequired":true,"valueName":"search_term_string"}}],"inLanguage":"de"},{"@type":"Organization","@id":"https:\/\/manuelcaffe.hypefarm-test.it\/de\/#organization","name":"D.M.C s.r.l","url":"https:\/\/manuelcaffe.hypefarm-test.it\/de\/","logo":{"@type":"ImageObject","inLanguage":"de","@id":"https:\/\/manuelcaffe.hypefarm-test.it\/de\/#\/schema\/logo\/image\/","url":"https:\/\/manuelcaffe.hypefarm-test.it\/wp-content\/uploads\/2024\/12\/favicon-152.png","contentUrl":"https:\/\/manuelcaffe.hypefarm-test.it\/wp-content\/uploads\/2024\/12\/favicon-152.png","width":152,"height":152,"caption":"D.M.C s.r.l"},"image":{"@id":"https:\/\/manuelcaffe.hypefarm-test.it\/de\/#\/schema\/logo\/image\/"},"sameAs":["https:\/\/www.facebook.com\/ManuelCaffeItalia","https:\/\/www.instagram.com\/manuel_caffe_italia\/","https:\/\/www.youtube.com\/user\/Manuelcaffe"]}]}},"_links":{"self":[{"href":"https:\/\/manuelcaffe.hypefarm-test.it\/de\/wp-json\/wp\/v2\/pages\/14279","targetHints":{"allow":["GET"]}}],"collection":[{"href":"https:\/\/manuelcaffe.hypefarm-test.it\/de\/wp-json\/wp\/v2\/pages"}],"about":[{"href":"https:\/\/manuelcaffe.hypefarm-test.it\/de\/wp-json\/wp\/v2\/types\/page"}],"author":[{"embeddable":true,"href":"https:\/\/manuelcaffe.hypefarm-test.it\/de\/wp-json\/wp\/v2\/users\/1"}],"replies":[{"embeddable":true,"href":"https:\/\/manuelcaffe.hypefarm-test.it\/de\/wp-json\/wp\/v2\/comments?post=14279"}],"version-history":[{"count":5,"href":"https:\/\/manuelcaffe.hypefarm-test.it\/de\/wp-json\/wp\/v2\/pages\/14279\/revisions"}],"predecessor-version":[{"id":14285,"href":"https:\/\/manuelcaffe.hypefarm-test.it\/de\/wp-json\/wp\/v2\/pages\/14279\/revisions\/14285"}],"wp:attachment":[{"href":"https:\/\/manuelcaffe.hypefarm-test.it\/de\/wp-json\/wp\/v2\/media?parent=14279"}],"wp:term":[{"taxonomy":"category","embeddable":true,"href":"https:\/\/manuelcaffe.hypefarm-test.it\/de\/wp-json\/wp\/v2\/categories?post=14279"},{"taxonomy":"post_tag","embeddable":true,"href":"https:\/\/manuelcaffe.hypefarm-test.it\/de\/wp-json\/wp\/v2\/tags?post=14279"}],"curies":[{"name":"wp","href":"https:\/\/api.w.org\/{rel}","templated":true}]}}