{"id":14068,"date":"2024-08-23T17:29:33","date_gmt":"2024-08-23T15:29:33","guid":{"rendered":"https:\/\/manuelcaffe.hypefarm-test.it\/product\/puro\/"},"modified":"2025-10-09T12:51:30","modified_gmt":"2025-10-09T10:51:30","slug":"puro","status":"publish","type":"product","link":"https:\/\/manuelcaffe.hypefarm-test.it\/de\/product\/puro\/","title":{"rendered":"Puro"},"content":{"rendered":"<p class=\"p1\">Speziell f\u00fcr Vollautomaten, den OCS-Kanal und Vending entwickelt. <b>&#8222;Puro&#8220;<\/b>\u00a0\u00fcberzeugt mit einer Tasse cremigen K\u00f6rpers, ausgewogenem, intensivem Geschmack und Noten von Karamell, Schokolade und Gew\u00fcrzen.<\/p>\n","protected":false},"excerpt":{"rendered":"<h3 class=\"p1\">Beschreibung<\/h3>\n<p class=\"p1\">Speziell f\u00fcr Vollautomaten, den OCS-Kanal und Vending entwickelt. <b>&#8222;Puro&#8220;<\/b> \u00fcberzeugt mit einer Tasse cremigen K\u00f6rpers, ausgewogenem, intensivem Geschmack und Noten von Karamell, Schokolade und Gew\u00fcrzen.<\/p>\n","protected":false},"featured_media":14069,"template":"","meta":{"_acf_changed":false,"cybocfi_hide_featured_image":""},"product_brand":[],"product_cat":[167,166],"product_tag":[198],"class_list":{"0":"post-14068","1":"product","2":"type-product","3":"status-publish","4":"has-post-thumbnail","6":"product_cat-breakfast-und-ocs","7":"product_cat-professional-line-de","8":"product_tag-professional-de","9":"description-off","11":"first","12":"instock","13":"shipping-taxable","14":"purchasable","15":"product-type-variable"},"acf":[],"yoast_head":"<!-- This site is optimized with the Yoast SEO plugin v26.0 - https:\/\/yoast.com\/wordpress\/plugins\/seo\/ -->\n<title>Puro - Manuel Caff\u00e8<\/title>\n<meta name=\"robots\" content=\"index, follow, max-snippet:-1, max-image-preview:large, max-video-preview:-1\" \/>\n<link rel=\"canonical\" href=\"https:\/\/manuelcaffe.hypefarm-test.it\/de\/product\/puro\/\" \/>\n<meta property=\"og:locale\" content=\"de_DE\" \/>\n<meta property=\"og:type\" content=\"article\" \/>\n<meta property=\"og:title\" content=\"Puro - Manuel Caff\u00e8\" \/>\n<meta property=\"og:description\" content=\"Beschreibung Speziell f\u00fcr Vollautomaten, den OCS-Kanal und Vending entwickelt. &quot;Puro&quot; \u00fcberzeugt mit einer Tasse cremigen K\u00f6rpers, ausgewogenem, intensivem Geschmack und Noten von Karamell, Schokolade und Gew\u00fcrzen.\" \/>\n<meta property=\"og:url\" content=\"https:\/\/manuelcaffe.hypefarm-test.it\/de\/product\/puro\/\" \/>\n<meta property=\"og:site_name\" content=\"Manuel Caff\u00e8\" \/>\n<meta property=\"article:publisher\" content=\"https:\/\/www.facebook.com\/ManuelCaffeItalia\" \/>\n<meta property=\"article:modified_time\" content=\"2025-10-09T10:51:30+00:00\" \/>\n<meta property=\"og:image\" content=\"https:\/\/manuelcaffe.hypefarm-test.it\/wp-content\/uploads\/2024\/08\/VENDING-Puro_A.png\" \/>\n\t<meta property=\"og:image:width\" content=\"841\" \/>\n\t<meta property=\"og:image:height\" content=\"1137\" \/>\n\t<meta property=\"og:image:type\" content=\"image\/png\" \/>\n<meta name=\"twitter:card\" content=\"summary_large_image\" \/>\n<meta name=\"twitter:label1\" content=\"Gesch\u00e4tzte Lesezeit\" \/>\n\t<meta name=\"twitter:data1\" content=\"1\u00a0Minute\" \/>\n<script type=\"application\/ld+json\" class=\"yoast-schema-graph\">{\"@context\":\"https:\/\/schema.org\",\"@graph\":[{\"@type\":\"WebPage\",\"@id\":\"https:\/\/manuelcaffe.hypefarm-test.it\/de\/product\/puro\/\",\"url\":\"https:\/\/manuelcaffe.hypefarm-test.it\/de\/product\/puro\/\",\"name\":\"Puro - Manuel Caff\u00e8\",\"isPartOf\":{\"@id\":\"https:\/\/manuelcaffe.hypefarm-test.it\/de\/#website\"},\"primaryImageOfPage\":{\"@id\":\"https:\/\/manuelcaffe.hypefarm-test.it\/de\/product\/puro\/#primaryimage\"},\"image\":{\"@id\":\"https:\/\/manuelcaffe.hypefarm-test.it\/de\/product\/puro\/#primaryimage\"},\"thumbnailUrl\":\"https:\/\/manuelcaffe.hypefarm-test.it\/wp-content\/uploads\/2024\/08\/VENDING-Puro_A.png\",\"datePublished\":\"2024-08-23T15:29:33+00:00\",\"dateModified\":\"2025-10-09T10:51:30+00:00\",\"breadcrumb\":{\"@id\":\"https:\/\/manuelcaffe.hypefarm-test.it\/de\/product\/puro\/#breadcrumb\"},\"inLanguage\":\"de\",\"potentialAction\":[{\"@type\":\"ReadAction\",\"target\":[\"https:\/\/manuelcaffe.hypefarm-test.it\/de\/product\/puro\/\"]}]},{\"@type\":\"ImageObject\",\"inLanguage\":\"de\",\"@id\":\"https:\/\/manuelcaffe.hypefarm-test.it\/de\/product\/puro\/#primaryimage\",\"url\":\"https:\/\/manuelcaffe.hypefarm-test.it\/wp-content\/uploads\/2024\/08\/VENDING-Puro_A.png\",\"contentUrl\":\"https:\/\/manuelcaffe.hypefarm-test.it\/wp-content\/uploads\/2024\/08\/VENDING-Puro_A.png\",\"width\":841,\"height\":1137,\"caption\":\"VENDING Puro A\"},{\"@type\":\"BreadcrumbList\",\"@id\":\"https:\/\/manuelcaffe.hypefarm-test.it\/de\/product\/puro\/#breadcrumb\",\"itemListElement\":[{\"@type\":\"ListItem\",\"position\":1,\"name\":\"Home\",\"item\":\"https:\/\/manuelcaffe.hypefarm-test.it\/de\/\"},{\"@type\":\"ListItem\",\"position\":2,\"name\":\"Shop\",\"item\":\"https:\/\/manuelcaffe.hypefarm-test.it\/negozio\/\"},{\"@type\":\"ListItem\",\"position\":3,\"name\":\"Puro\"}]},{\"@type\":\"WebSite\",\"@id\":\"https:\/\/manuelcaffe.hypefarm-test.it\/de\/#website\",\"url\":\"https:\/\/manuelcaffe.hypefarm-test.it\/de\/\",\"name\":\"Manuel Caff\u00e8\",\"description\":\"\",\"publisher\":{\"@id\":\"https:\/\/manuelcaffe.hypefarm-test.it\/de\/#organization\"},\"potentialAction\":[{\"@type\":\"SearchAction\",\"target\":{\"@type\":\"EntryPoint\",\"urlTemplate\":\"https:\/\/manuelcaffe.hypefarm-test.it\/de\/?s={search_term_string}\"},\"query-input\":{\"@type\":\"PropertyValueSpecification\",\"valueRequired\":true,\"valueName\":\"search_term_string\"}}],\"inLanguage\":\"de\"},{\"@type\":\"Organization\",\"@id\":\"https:\/\/manuelcaffe.hypefarm-test.it\/de\/#organization\",\"name\":\"D.M.C s.r.l\",\"url\":\"https:\/\/manuelcaffe.hypefarm-test.it\/de\/\",\"logo\":{\"@type\":\"ImageObject\",\"inLanguage\":\"de\",\"@id\":\"https:\/\/manuelcaffe.hypefarm-test.it\/de\/#\/schema\/logo\/image\/\",\"url\":\"https:\/\/manuelcaffe.hypefarm-test.it\/wp-content\/uploads\/2024\/12\/favicon-152.png\",\"contentUrl\":\"https:\/\/manuelcaffe.hypefarm-test.it\/wp-content\/uploads\/2024\/12\/favicon-152.png\",\"width\":152,\"height\":152,\"caption\":\"D.M.C s.r.l\"},\"image\":{\"@id\":\"https:\/\/manuelcaffe.hypefarm-test.it\/de\/#\/schema\/logo\/image\/\"},\"sameAs\":[\"https:\/\/www.facebook.com\/ManuelCaffeItalia\",\"https:\/\/www.instagram.com\/manuel_caffe_italia\/\",\"https:\/\/www.youtube.com\/user\/Manuelcaffe\"]}]}<\/script>\n<!-- \/ Yoast SEO plugin. -->","yoast_head_json":{"title":"Puro - Manuel Caff\u00e8","robots":{"index":"index","follow":"follow","max-snippet":"max-snippet:-1","max-image-preview":"max-image-preview:large","max-video-preview":"max-video-preview:-1"},"canonical":"https:\/\/manuelcaffe.hypefarm-test.it\/de\/product\/puro\/","og_locale":"de_DE","og_type":"article","og_title":"Puro - Manuel Caff\u00e8","og_description":"Beschreibung Speziell f\u00fcr Vollautomaten, den OCS-Kanal und Vending entwickelt. \"Puro\" \u00fcberzeugt mit einer Tasse cremigen K\u00f6rpers, ausgewogenem, intensivem Geschmack und Noten von Karamell, Schokolade und Gew\u00fcrzen.","og_url":"https:\/\/manuelcaffe.hypefarm-test.it\/de\/product\/puro\/","og_site_name":"Manuel Caff\u00e8","article_publisher":"https:\/\/www.facebook.com\/ManuelCaffeItalia","article_modified_time":"2025-10-09T10:51:30+00:00","og_image":[{"width":841,"height":1137,"url":"https:\/\/manuelcaffe.hypefarm-test.it\/wp-content\/uploads\/2024\/08\/VENDING-Puro_A.png","type":"image\/png"}],"twitter_card":"summary_large_image","twitter_misc":{"Gesch\u00e4tzte Lesezeit":"1\u00a0Minute"},"schema":{"@context":"https:\/\/schema.org","@graph":[{"@type":"WebPage","@id":"https:\/\/manuelcaffe.hypefarm-test.it\/de\/product\/puro\/","url":"https:\/\/manuelcaffe.hypefarm-test.it\/de\/product\/puro\/","name":"Puro - Manuel Caff\u00e8","isPartOf":{"@id":"https:\/\/manuelcaffe.hypefarm-test.it\/de\/#website"},"primaryImageOfPage":{"@id":"https:\/\/manuelcaffe.hypefarm-test.it\/de\/product\/puro\/#primaryimage"},"image":{"@id":"https:\/\/manuelcaffe.hypefarm-test.it\/de\/product\/puro\/#primaryimage"},"thumbnailUrl":"https:\/\/manuelcaffe.hypefarm-test.it\/wp-content\/uploads\/2024\/08\/VENDING-Puro_A.png","datePublished":"2024-08-23T15:29:33+00:00","dateModified":"2025-10-09T10:51:30+00:00","breadcrumb":{"@id":"https:\/\/manuelcaffe.hypefarm-test.it\/de\/product\/puro\/#breadcrumb"},"inLanguage":"de","potentialAction":[{"@type":"ReadAction","target":["https:\/\/manuelcaffe.hypefarm-test.it\/de\/product\/puro\/"]}]},{"@type":"ImageObject","inLanguage":"de","@id":"https:\/\/manuelcaffe.hypefarm-test.it\/de\/product\/puro\/#primaryimage","url":"https:\/\/manuelcaffe.hypefarm-test.it\/wp-content\/uploads\/2024\/08\/VENDING-Puro_A.png","contentUrl":"https:\/\/manuelcaffe.hypefarm-test.it\/wp-content\/uploads\/2024\/08\/VENDING-Puro_A.png","width":841,"height":1137,"caption":"VENDING Puro A"},{"@type":"BreadcrumbList","@id":"https:\/\/manuelcaffe.hypefarm-test.it\/de\/product\/puro\/#breadcrumb","itemListElement":[{"@type":"ListItem","position":1,"name":"Home","item":"https:\/\/manuelcaffe.hypefarm-test.it\/de\/"},{"@type":"ListItem","position":2,"name":"Shop","item":"https:\/\/manuelcaffe.hypefarm-test.it\/negozio\/"},{"@type":"ListItem","position":3,"name":"Puro"}]},{"@type":"WebSite","@id":"https:\/\/manuelcaffe.hypefarm-test.it\/de\/#website","url":"https:\/\/manuelcaffe.hypefarm-test.it\/de\/","name":"Manuel Caff\u00e8","description":"","publisher":{"@id":"https:\/\/manuelcaffe.hypefarm-test.it\/de\/#organization"},"potentialAction":[{"@type":"SearchAction","target":{"@type":"EntryPoint","urlTemplate":"https:\/\/manuelcaffe.hypefarm-test.it\/de\/?s={search_term_string}"},"query-input":{"@type":"PropertyValueSpecification","valueRequired":true,"valueName":"search_term_string"}}],"inLanguage":"de"},{"@type":"Organization","@id":"https:\/\/manuelcaffe.hypefarm-test.it\/de\/#organization","name":"D.M.C s.r.l","url":"https:\/\/manuelcaffe.hypefarm-test.it\/de\/","logo":{"@type":"ImageObject","inLanguage":"de","@id":"https:\/\/manuelcaffe.hypefarm-test.it\/de\/#\/schema\/logo\/image\/","url":"https:\/\/manuelcaffe.hypefarm-test.it\/wp-content\/uploads\/2024\/12\/favicon-152.png","contentUrl":"https:\/\/manuelcaffe.hypefarm-test.it\/wp-content\/uploads\/2024\/12\/favicon-152.png","width":152,"height":152,"caption":"D.M.C s.r.l"},"image":{"@id":"https:\/\/manuelcaffe.hypefarm-test.it\/de\/#\/schema\/logo\/image\/"},"sameAs":["https:\/\/www.facebook.com\/ManuelCaffeItalia","https:\/\/www.instagram.com\/manuel_caffe_italia\/","https:\/\/www.youtube.com\/user\/Manuelcaffe"]}]}},"_links":{"self":[{"href":"https:\/\/manuelcaffe.hypefarm-test.it\/de\/wp-json\/wp\/v2\/product\/14068","targetHints":{"allow":["GET"]}}],"collection":[{"href":"https:\/\/manuelcaffe.hypefarm-test.it\/de\/wp-json\/wp\/v2\/product"}],"about":[{"href":"https:\/\/manuelcaffe.hypefarm-test.it\/de\/wp-json\/wp\/v2\/types\/product"}],"wp:featuredmedia":[{"embeddable":true,"href":"https:\/\/manuelcaffe.hypefarm-test.it\/de\/wp-json\/wp\/v2\/media\/14069"}],"wp:attachment":[{"href":"https:\/\/manuelcaffe.hypefarm-test.it\/de\/wp-json\/wp\/v2\/media?parent=14068"}],"wp:term":[{"taxonomy":"product_brand","embeddable":true,"href":"https:\/\/manuelcaffe.hypefarm-test.it\/de\/wp-json\/wp\/v2\/product_brand?post=14068"},{"taxonomy":"product_cat","embeddable":true,"href":"https:\/\/manuelcaffe.hypefarm-test.it\/de\/wp-json\/wp\/v2\/product_cat?post=14068"},{"taxonomy":"product_tag","embeddable":true,"href":"https:\/\/manuelcaffe.hypefarm-test.it\/de\/wp-json\/wp\/v2\/product_tag?post=14068"}],"curies":[{"name":"wp","href":"https:\/\/api.w.org\/{rel}","templated":true}]}}